{"id":138,"date":"2023-05-31T22:56:23","date_gmt":"2023-06-01T03:56:23","guid":{"rendered":"https:\/\/staging.phillips66.com\/76com\/\/?page_id=138"},"modified":"2025-09-11T12:11:17","modified_gmt":"2025-09-11T17:11:17","slug":"e85","status":"publish","type":"page","link":"https:\/\/staging.phillips66.com\/76com\/es\/e85\/","title":{"rendered":"E85"},"content":{"rendered":"<div class=\"banner size-tall alignwide has-text-align- size-tall banner stack-on-mobile\">\n\t<picture class=\"banner__image\">\n\t\t\t\t<source srcset=\"https:\/\/phillips66.widen.net\/content\/p0xnoihyo7\/jpeg\/2019_76_E85_Hero_1280x580_DT.jpeg?keep=c&#038;crop=yes&#038;color=ffffffff&#038;quality=54&#038;u=mw5qdv&#038;w=2048 2048w, https:\/\/phillips66.widen.net\/content\/p0xnoihyo7\/jpeg\/2019_76_E85_Hero_1280x580_DT.jpeg?keep=c&#038;crop=yes&#038;color=ffffffff&#038;quality=54&#038;u=mw5qdv&#038;w=1536 1536w, https:\/\/phillips66.widen.net\/content\/p0xnoihyo7\/jpeg\/2019_76_E85_Hero_1280x580_DT.jpeg?keep=c&#038;crop=yes&#038;color=ffffffff&#038;quality=54&#038;u=mw5qdv&#038;w=1440 1440w, https:\/\/phillips66.widen.net\/content\/p0xnoihyo7\/jpeg\/2019_76_E85_Hero_1280x580_DT.jpeg?keep=c&#038;crop=yes&#038;color=ffffffff&#038;quality=54&#038;u=mw5qdv&#038;w=768 768w, https:\/\/phillips66.widen.net\/content\/p0xnoihyo7\/jpeg\/2019_76_E85_Hero_1280x580_DT.jpeg?keep=c&#038;crop=yes&#038;color=ffffffff&#038;quality=54&#038;u=mw5qdv&#038;w=390 390w, https:\/\/phillips66.widen.net\/content\/p0xnoihyo7\/jpeg\/2019_76_E85_Hero_1280x580_DT.jpeg?keep=c&#038;crop=yes&#038;color=ffffffff&#038;quality=54&#038;u=mw5qdv&#038;w=375 375w\" sizes=\"(min-width: 80em) 940px, (min-width: 75em) calc(100vw - 12.5rem), 100vw\" media=\"(max-width: 47.938em)\">\n\t\t\t\t<source srcset=\"https:\/\/phillips66.widen.net\/content\/p0xnoihyo7\/jpeg\/2019_76_E85_Hero_1280x580_DT.jpeg?keep=c&#038;crop=yes&#038;color=ffffffff&#038;quality=54&#038;u=mw5qdv&#038;w=2048 2048w, https:\/\/phillips66.widen.net\/content\/p0xnoihyo7\/jpeg\/2019_76_E85_Hero_1280x580_DT.jpeg?keep=c&#038;crop=yes&#038;color=ffffffff&#038;quality=54&#038;u=mw5qdv&#038;w=1440 1440w, https:\/\/phillips66.widen.net\/content\/p0xnoihyo7\/jpeg\/2019_76_E85_Hero_1280x580_DT.jpeg?keep=c&#038;crop=yes&#038;color=ffffffff&#038;quality=54&#038;u=mw5qdv&#038;w=1024 1024w, https:\/\/phillips66.widen.net\/content\/p0xnoihyo7\/jpeg\/2019_76_E85_Hero_1280x580_DT.jpeg?keep=c&#038;crop=yes&#038;color=ffffffff&#038;quality=54&#038;u=mw5qdv&#038;w=768 768w, https:\/\/phillips66.widen.net\/content\/p0xnoihyo7\/jpeg\/2019_76_E85_Hero_1280x580_DT.jpeg?keep=c&#038;crop=yes&#038;color=ffffffff&#038;quality=54&#038;u=mw5qdv&#038;w=375 375w\" sizes=\"(min-width: 80em) 940px, (min-width: 75em) calc(100vw - 12.5rem), 100vw\" media=\"(min-width: 48em)\">\n\t\t\t\t<img decoding=\"async\" class=\"banner__image\" src=\"https:\/\/phillips66.widen.net\/content\/p0xnoihyo7\/jpeg\/2019_76_E85_Hero_1280x580_DT.jpeg?keep=c&#038;crop=yes&#038;color=ffffffff&#038;quality=54&#038;u=mw5qdv\" alt=\"\">\n\t\t\t<\/picture><div class=\"banner__content\">\n\n<h2 class=\"wp-block-heading\"><\/h2>\n\n\n\n<p class=\"wp-block-paragraph\"><\/p>\n\n\n\n<div class=\"wp-block-buttons is-layout-flex wp-block-buttons-is-layout-flex\"><\/div>\n\n<\/div><\/div>\n\n\n<div class=\"split-card has-media-on-the-right wp-block-psx-split-card\">\n\t<picture class=\"split-card__image-wrapper\">\n\t\t<source srcset=\"https:\/\/phillips66.widen.net\/content\/nzswfcyksh\/jpeg\/BY7A0287_rt_medres.jpeg?keep=c&#038;crop=yes&#038;color=ffffffff&#038;quality=54&#038;u=s3whhe 375w\" sizes=\"100vw\" media=\"(max-width: 47.938em)\">\n\t\t\t\t<source srcset=\"https:\/\/phillips66.widen.net\/content\/nzswfcyksh\/jpeg\/BY7A0287_rt_medres.jpeg?keep=c&#038;crop=yes&#038;color=ffffffff&#038;quality=54&#038;u=s3whhe 1000w\" sizes=\"100vw\" media=\"(min-width: 48em)\">\n\t\t\t\t<img decoding=\"async\" class=\"split-card__image\" src=\"https:\/\/phillips66.widen.net\/content\/nzswfcyksh\/jpeg\/BY7A0287_rt_medres.jpeg?keep=c&#038;crop=yes&#038;color=ffffffff&#038;quality=54&#038;u=s3whhe\" alt=\"\">\n\t\t\n\t<\/picture>\n\t<div class=\"split-card__content\">\n\t\t<div class=\"split-card__content-inner\">\n\t\t\t\n\n<h2 class=\"wp-block-heading has-76-blue-color has-text-color\">Visita estas gasolineras<br>en Los Angeles,<br>y obt\u00e9n E85 de 76<sup>\u00ae<\/sup>.<\/h2>\n\n\n\n<div style=\"height:33px\" aria-hidden=\"true\" class=\"wp-block-spacer\"><\/div>\n\n\n\n<div class=\"wp-block-buttons is-layout-flex wp-block-buttons-is-layout-flex\">\n<div class=\"wp-block-button\"><a class=\"wp-block-button__link wp-element-button\" href=\"https:\/\/staging.phillips66.com\/76com\/\/es\/localizador\/\">Encuentra E85 de 76<sup>\u00ae<\/sup><\/a><\/div>\n<\/div>\n\n\t\t<\/div>\n\t<\/div>\n<\/div>\n\n\n<div class=\"split-card has-media-on-the-left wp-block-psx-split-card\">\n\t<picture class=\"split-card__image-wrapper\">\n\t\t<source srcset=\"https:\/\/phillips66.widen.net\/content\/mxs5yejruh\/jpeg\/P66-0884%20FF%20Web%20Tile%20640x640.jpeg?position=c&#038;color=ffffffff&#038;quality=100&#038;u=4ny3tt 375w\" sizes=\"100vw\" media=\"(max-width: 47.938em)\">\n\t\t\t\t<source srcset=\"https:\/\/phillips66.widen.net\/content\/mxs5yejruh\/jpeg\/P66-0884%20FF%20Web%20Tile%20640x640.jpeg?position=c&#038;color=ffffffff&#038;quality=100&#038;u=4ny3tt 1000w\" sizes=\"100vw\" media=\"(min-width: 48em)\">\n\t\t\t\t<img decoding=\"async\" class=\"split-card__image\" src=\"https:\/\/phillips66.widen.net\/content\/mxs5yejruh\/jpeg\/P66-0884%20FF%20Web%20Tile%20640x640.jpeg?position=c&#038;color=ffffffff&#038;quality=100&#038;u=4ny3tt\" alt=\"\">\n\t\t\n\t<\/picture>\n\t<div class=\"split-card__content\">\n\t\t<div class=\"split-card__content-inner\">\n\t\t\t\n\n<h2 class=\"wp-block-heading has-76-blue-color has-text-color\">Descarga la app Fuel Forward<sup>\u00ae<\/sup>&nbsp;y ahorra 20\u00a2* por gal\u00f3n en tu primera compra.<\/h2>\n\n\n\n<p class=\"wp-block-paragraph\">La app Fuel Forward<sup>\u00ae<\/sup>\u00a0es segura y confiable. Adem\u00e1s, por tiempo limitado, puedes ahorrar 20\u00a2* por gal\u00f3n en tu primera compra al descargar la app Fuel Forward<sup>\u00ae<\/sup>. Luego sigue ahorrando 5\u00a2* por gal\u00f3n cuando llenes tu tanque con la app Fuel Forward<sup>\u00ae<\/sup>. Desc\u00e1rgala hoy, configura tu billetera m\u00f3vil y gasta menos para llegar adondequiera que vayas. La oferta termina el 12\/31\/25.<\/p>\n\n\n\n<div class=\"wp-block-buttons is-layout-flex wp-block-buttons-is-layout-flex\">\n<div class=\"wp-block-button\"><a class=\"wp-block-button__link wp-element-button\" href=\"https:\/\/apps.apple.com\/us\/app\/my-phillips-66\/id922282104?ign-mpt=uo%3D4\" target=\"_blank\" rel=\"noreferrer noopener\">Descargar Ahora<\/a><\/div>\n<\/div>\n\n\n\n<p class=\"has-tiny-font-size wp-block-paragraph\">*20\u00a2 por gal\u00f3n es una combinaci\u00f3n de ahorros de 5\u00a2 de descuento por gal\u00f3n diarios m\u00e1s 15\u00a2 de descuento por gal\u00f3n adicionales para usuarios por primera vez (hasta 30 galones). Oferta v\u00e1lida una sola vez para usuarios nuevos de la app Fuel Forward<sup>\u00ae<\/sup>\u00a0hasta el 12\/31\/2025. Solo en gasolineras participantes. Puede combinarse con otras ofertas. La oferta de 5\u00a2 de ahorro diario solo puede aplicarse una vez por transacci\u00f3n.<\/p>\n\n\t\t<\/div>\n\t<\/div>\n<\/div>\n\n\n\n<div class=\"wp-block-group alignfull has-web-gray-background-color has-background is-layout-constrained wp-block-group-is-layout-constrained\">\n<h3 class=\"wp-block-heading has-76-blue-color has-text-color\">Preguntas frecuentes<\/h3>\n\n\n<section class=\"wp-block-psx-accordion\">\n\t\n<div class=\"wp-block-psx-accordion-item\">\n\t<button class=\"accordion-header js-accordion-header wp-block-psx-accordion__title components-button\" type=\"button\">\n\t\t\u00bfQu\u00e9 es E85 de 76\t<\/button>\n\t<div class=\"wp-block-psx-accordion__content accordion-content\">\n\t\t\n\n<p class=\"wp-block-paragraph\">E85 de 76<sup>\u00ae<\/sup>, tambi\u00e9n conocido como combustible flexible, es una mezcla de etanol y gasolina dise\u00f1ada solo para veh\u00edculos de combustible flexible. El etanol proviene de recursos renovables, por lo general, derivados de cultivos como ma\u00edz y ca\u00f1a de az\u00facar. Para cualquier veh\u00edculo de combustible flexible, este producto se puede catalogar como un combustible \u201cdrop in\u201d (no requiere modificaciones al motor).<\/p>\n\n\t<\/div>\n<\/div>\n\n\n<div class=\"wp-block-psx-accordion-item\">\n\t<button class=\"accordion-header js-accordion-header wp-block-psx-accordion__title components-button\" type=\"button\">\n\t\t\u00bfPor qu\u00e9 usar E85 de 76?\t<\/button>\n\t<div class=\"wp-block-psx-accordion__content accordion-content\">\n\t\t\n\n<p class=\"wp-block-paragraph\">El combustible E85 de 76<sup>\u00ae<\/sup>&nbsp;ofrece la reducci\u00f3n de algunas emisiones de escape*. En algunos veh\u00edculos de combustible flexible, los usuarios podr\u00edan notar un mejor desempe\u00f1o y potencia del motor, en comparaci\u00f3n con la gasolina.<\/p>\n\n\n\n<p class=\"wp-block-paragraph\">*En comparaci\u00f3n con la:&nbsp;<a href=\"https:\/\/afdc.energy.gov\/vehicles\/flexible_fuel_emissions.html\" target=\"_blank\" rel=\"noreferrer noopener\">https:\/\/afdc.energy.gov\/vehicles\/flexible_fuel_emissions.html<\/a><\/p>\n\n\t<\/div>\n<\/div>\n\n\n<div class=\"wp-block-psx-accordion-item\">\n\t<button class=\"accordion-header js-accordion-header wp-block-psx-accordion__title components-button\" type=\"button\">\n\t\t\u00bfPuede mi motor usar E85 de 76?\t<\/button>\n\t<div class=\"wp-block-psx-accordion__content accordion-content\">\n\t\t\n\n<p class=\"wp-block-paragraph\">Revisa el tap\u00f3n de gasolina, la tapa de tu tanque de gasolina o el manual del usuario. Muchos veh\u00edculos de combustible flexible tienen un tap\u00f3n de gasolina diferente de color amarillo, una etiqueta dentro de la tapa del tanque de gasolina, o un distintivo en la parte de afuera que dice FFV o Flex Fuel. E85 de 76<sup>\u00ae<\/sup>&nbsp;solo se puede usar en veh\u00edculos identificados por el fabricante como veh\u00edculos de combustible flexible o Flex Fuel.<\/p>\n\n\n\n<p class=\"wp-block-paragraph\">Conoce m\u00e1s aqu\u00ed:&nbsp;<a href=\"https:\/\/www.fueleconomy.gov\/feg\/esflextech.shtml\" target=\"_blank\" rel=\"noreferrer noopener\">https:\/\/www.fueleconomy.gov\/feg\/esflextech.shtml<\/a><\/p>\n\n\t<\/div>\n<\/div>\n\n\n<div class=\"wp-block-psx-accordion-item\">\n\t<button class=\"accordion-header js-accordion-header wp-block-psx-accordion__title components-button\" type=\"button\">\n\t\tMayor octanaje\t<\/button>\n\t<div class=\"wp-block-psx-accordion__content accordion-content\">\n\t\t\n\n<p class=\"wp-block-paragraph\">E85 de 76<sup>\u00ae<\/sup>&nbsp;tiene un nivel de octanaje m\u00e1s alto que la gasolina Premium. Un mayor octanaje permite un mejor desempe\u00f1o y un funcionamiento m\u00e1s suave del motor.<\/p>\n\n\t<\/div>\n<\/div>\n\n\n<div class=\"wp-block-psx-accordion-item\">\n\t<button class=\"accordion-header js-accordion-header wp-block-psx-accordion__title components-button\" type=\"button\">\n\t\t\u00bfQu\u00e9 porcentaje de etanol tiene E85 de 76?\t<\/button>\n\t<div class=\"wp-block-psx-accordion__content accordion-content\">\n\t\t\n\n<p class=\"wp-block-paragraph\">El etanol equivale a por lo menos un 80% del producto final.<\/p>\n\n\t<\/div>\n<\/div>\n\n<\/section>\n<\/div>\n","protected":false},"excerpt":{"rendered":"<p>Preguntas frecuentes<\/p>\n","protected":false},"author":67,"featured_media":0,"parent":0,"menu_order":0,"comment_status":"closed","ping_status":"closed","template":"","meta":{"psx_page_submenu_id":0,"footnotes":"","widen_thumbnail_url":"","widen_thumbnail_width":"","widen_thumbnail_height":"","widen_thumbnail_focal_point_x":"","widen_thumbnail_focal_point_y":"","psx_hide_title":false},"psx_promotion":[],"class_list":["post-138","page","type-page","status-publish","hentry"],"yoast_head":"<!-- This site is optimized with the Yoast SEO plugin v23.9 - https:\/\/yoast.com\/wordpress\/plugins\/seo\/ -->\n<title>Obt\u00e9n Gasolina e85 en Nuestras Gasolineras | 76\u00ae<\/title>\n<meta name=\"description\" content=\"E85 es una mezcla de etanol y gasolina dise\u00f1ada para veh\u00edculos flex-fuel, disponible en nuestras gasolineras 76\u00ae en el \u00e1rea de Los Angeles. \u00a1Aprende m\u00e1s!\" \/>\n<meta name=\"robots\" content=\"noindex, follow, max-snippet:-1, max-image-preview:large, max-video-preview:-1\" \/>\n<meta property=\"og:locale\" content=\"en_US\" \/>\n<meta property=\"og:type\" content=\"article\" \/>\n<meta property=\"og:title\" content=\"Obt\u00e9n Gasolina e85 en Nuestras Gasolineras | 76\u00ae\" \/>\n<meta property=\"og:description\" content=\"E85 es una mezcla de etanol y gasolina dise\u00f1ada para veh\u00edculos flex-fuel, disponible en nuestras gasolineras 76\u00ae en el \u00e1rea de Los Angeles. \u00a1Aprende m\u00e1s!\" \/>\n<meta property=\"og:url\" content=\"https:\/\/staging.phillips66.com\/76com\/es\/e85\/\" \/>\n<meta property=\"og:site_name\" content=\"76 Gas Stations\" \/>\n<meta property=\"article:publisher\" content=\"https:\/\/www.facebook.com\/76gas\" \/>\n<meta property=\"article:modified_time\" content=\"2025-09-11T17:11:17+00:00\" \/>\n<meta name=\"twitter:card\" content=\"summary_large_image\" \/>\n<meta name=\"twitter:site\" content=\"@76\" \/>\n<meta name=\"twitter:label1\" content=\"Est. reading time\" \/>\n\t<meta name=\"twitter:data1\" content=\"2 minutes\" \/>\n<script type=\"application\/ld+json\" class=\"yoast-schema-graph\">{\n\t    \"@context\": \"https:\/\/schema.org\",\n\t    \"@graph\": [\n\t        {\n\t            \"@type\": \"WebPage\",\n\t            \"@id\": \"https:\/\/staging.phillips66.com\/76com\/es\/e85\/\",\n\t            \"url\": \"https:\/\/staging.phillips66.com\/76com\/es\/e85\/\",\n\t            \"name\": \"Obt\u00e9n Gasolina e85 en Nuestras Gasolineras | 76\u00ae\",\n\t            \"isPartOf\": {\n\t                \"@id\": \"https:\/\/staging.phillips66.com\/76com\/#website\"\n\t            },\n\t            \"datePublished\": \"2023-06-01T03:56:23+00:00\",\n\t            \"dateModified\": \"2025-09-11T17:11:17+00:00\",\n\t            \"description\": \"E85 es una mezcla de etanol y gasolina dise\u00f1ada para veh\u00edculos flex-fuel, disponible en nuestras gasolineras 76\u00ae en el \u00e1rea de Los Angeles. \u00a1Aprende m\u00e1s!\",\n\t            \"breadcrumb\": {\n\t                \"@id\": \"https:\/\/staging.phillips66.com\/76com\/es\/e85\/#breadcrumb\"\n\t            },\n\t            \"inLanguage\": \"en-US\",\n\t            \"potentialAction\": [\n\t                {\n\t                    \"@type\": \"ReadAction\",\n\t                    \"target\": [\n\t                        \"https:\/\/staging.phillips66.com\/76com\/es\/e85\/\"\n\t                    ]\n\t                }\n\t            ]\n\t        },\n\t        {\n\t            \"@type\": \"BreadcrumbList\",\n\t            \"@id\": \"https:\/\/staging.phillips66.com\/76com\/es\/e85\/#breadcrumb\",\n\t            \"itemListElement\": [\n\t                {\n\t                    \"@type\": \"ListItem\",\n\t                    \"position\": 1,\n\t                    \"name\": \"Home\",\n\t                    \"item\": \"https:\/\/staging.phillips66.com\/76com\/\"\n\t                },\n\t                {\n\t                    \"@type\": \"ListItem\",\n\t                    \"position\": 2,\n\t                    \"name\": \"E85\"\n\t                }\n\t            ]\n\t        },\n\t        {\n\t            \"@type\": \"WebSite\",\n\t            \"@id\": \"https:\/\/staging.phillips66.com\/76com\/#website\",\n\t            \"url\": \"https:\/\/staging.phillips66.com\/76com\/\",\n\t            \"name\": \"76 Gas Stations\",\n\t            \"description\": \"\",\n\t            \"potentialAction\": [\n\t                {\n\t                    \"@type\": \"SearchAction\",\n\t                    \"target\": {\n\t                        \"@type\": \"EntryPoint\",\n\t                        \"urlTemplate\": \"https:\/\/staging.phillips66.com\/76com\/?s={search_term_string}\"\n\t                    },\n\t                    \"query-input\": {\n\t                        \"@type\": \"PropertyValueSpecification\",\n\t                        \"valueRequired\": true,\n\t                        \"valueName\": \"search_term_string\"\n\t                    }\n\t                }\n\t            ],\n\t            \"inLanguage\": \"en-US\",\n\t            \"publisher\": {\n\t                \"@id\": \"https:\/\/staging.phillips66.com\/76com\/#\/schema\/Organization\/1\"\n\t            }\n\t        },\n\t        {\n\t            \"@type\": \"Organization\",\n\t            \"@id\": \"https:\/\/staging.phillips66.com\/76com\/#\/schema\/Organization\/1\",\n\t            \"name\": \"76 Gas Stations\",\n\t            \"url\": \"https:\/\/staging.phillips66.com\/76com\/\",\n\t            \"logo\": {\n\t                \"@type\": \"ImageObject\",\n\t                \"inLanguage\": \"en-US\",\n\t                \"@id\": \"https:\/\/staging.phillips66.com\/76com\/#\/schema\/logo\/image\/\",\n\t                \"url\": \"https:\/\/staging.phillips66.com\/76com\/wp-content\/client-mu-plugins\/psx-yoast\/images\/p76-android-chrome-192.png\",\n\t                \"contentUrl\": \"https:\/\/staging.phillips66.com\/76com\/wp-content\/client-mu-plugins\/psx-yoast\/images\/p76-android-chrome-192.png\",\n\t                \"caption\": \"76 Gas\",\n\t                \"width\": 192,\n\t                \"height\": 192\n\t            },\n\t            \"image\": {\n\t                \"@id\": \"https:\/\/staging.phillips66.com\/76com\/#\/schema\/logo\/image\/\"\n\t            },\n\t            \"sameAs\": [\n\t                \"https:\/\/www.instagram.com\/76\",\n\t                \"https:\/\/www.facebook.com\/76gas\",\n\t                \"https:\/\/www.youtube.com\/user\/76Gasoline\"\n\t            ]\n\t        }\n\t    ]\n\t}<\/script>\n<!-- \/ Yoast SEO plugin. -->","yoast_head_json":{"title":"Obt\u00e9n Gasolina e85 en Nuestras Gasolineras | 76\u00ae","description":"E85 es una mezcla de etanol y gasolina dise\u00f1ada para veh\u00edculos flex-fuel, disponible en nuestras gasolineras 76\u00ae en el \u00e1rea de Los Angeles. \u00a1Aprende m\u00e1s!","robots":{"index":"noindex","follow":"follow","max-snippet":"max-snippet:-1","max-image-preview":"max-image-preview:large","max-video-preview":"max-video-preview:-1"},"og_locale":"en_US","og_type":"article","og_title":"Obt\u00e9n Gasolina e85 en Nuestras Gasolineras | 76\u00ae","og_description":"E85 es una mezcla de etanol y gasolina dise\u00f1ada para veh\u00edculos flex-fuel, disponible en nuestras gasolineras 76\u00ae en el \u00e1rea de Los Angeles. \u00a1Aprende m\u00e1s!","og_url":"https:\/\/staging.phillips66.com\/76com\/es\/e85\/","og_site_name":"76 Gas Stations","article_publisher":"https:\/\/www.facebook.com\/76gas","article_modified_time":"2025-09-11T17:11:17+00:00","twitter_card":"summary_large_image","twitter_site":"@76","twitter_misc":{"Est. reading time":"2 minutes"},"schema":{"@context":"https:\/\/schema.org","@graph":[{"@type":"WebPage","@id":"https:\/\/staging.phillips66.com\/76com\/es\/e85\/","url":"https:\/\/staging.phillips66.com\/76com\/es\/e85\/","name":"Obt\u00e9n Gasolina e85 en Nuestras Gasolineras | 76\u00ae","isPartOf":{"@id":"https:\/\/staging.phillips66.com\/76com\/#website"},"datePublished":"2023-06-01T03:56:23+00:00","dateModified":"2025-09-11T17:11:17+00:00","description":"E85 es una mezcla de etanol y gasolina dise\u00f1ada para veh\u00edculos flex-fuel, disponible en nuestras gasolineras 76\u00ae en el \u00e1rea de Los Angeles. \u00a1Aprende m\u00e1s!","breadcrumb":{"@id":"https:\/\/staging.phillips66.com\/76com\/es\/e85\/#breadcrumb"},"inLanguage":"en-US","potentialAction":[{"@type":"ReadAction","target":["https:\/\/staging.phillips66.com\/76com\/es\/e85\/"]}]},{"@type":"BreadcrumbList","@id":"https:\/\/staging.phillips66.com\/76com\/es\/e85\/#breadcrumb","itemListElement":[{"@type":"ListItem","position":1,"name":"Home","item":"https:\/\/staging.phillips66.com\/76com\/"},{"@type":"ListItem","position":2,"name":"E85"}]},{"@type":"WebSite","@id":"https:\/\/staging.phillips66.com\/76com\/#website","url":"https:\/\/staging.phillips66.com\/76com\/","name":"76 Gas Stations","description":"","potentialAction":[{"@type":"SearchAction","target":{"@type":"EntryPoint","urlTemplate":"https:\/\/staging.phillips66.com\/76com\/?s={search_term_string}"},"query-input":{"@type":"PropertyValueSpecification","valueRequired":true,"valueName":"search_term_string"}}],"inLanguage":"en-US","publisher":{"@id":"https:\/\/staging.phillips66.com\/76com\/#\/schema\/Organization\/1"}},{"@type":"Organization","@id":"https:\/\/staging.phillips66.com\/76com\/#\/schema\/Organization\/1","name":"76 Gas Stations","url":"https:\/\/staging.phillips66.com\/76com\/","logo":{"@type":"ImageObject","inLanguage":"en-US","@id":"https:\/\/staging.phillips66.com\/76com\/#\/schema\/logo\/image\/","url":"https:\/\/staging.phillips66.com\/76com\/wp-content\/client-mu-plugins\/psx-yoast\/images\/p76-android-chrome-192.png","contentUrl":"https:\/\/staging.phillips66.com\/76com\/wp-content\/client-mu-plugins\/psx-yoast\/images\/p76-android-chrome-192.png","caption":"76 Gas","width":192,"height":192},"image":{"@id":"https:\/\/staging.phillips66.com\/76com\/#\/schema\/logo\/image\/"},"sameAs":["https:\/\/www.instagram.com\/76","https:\/\/www.facebook.com\/76gas","https:\/\/www.youtube.com\/user\/76Gasoline"]}]}},"lang":"es","translations":{"es":138,"en":46},"jetpack_sharing_enabled":true,"pll_sync_post":[],"_links":{"self":[{"href":"https:\/\/staging.phillips66.com\/76com\/wp-json\/wp\/v2\/pages\/138","targetHints":{"allow":["GET"]}}],"collection":[{"href":"https:\/\/staging.phillips66.com\/76com\/wp-json\/wp\/v2\/pages"}],"about":[{"href":"https:\/\/staging.phillips66.com\/76com\/wp-json\/wp\/v2\/types\/page"}],"author":[{"embeddable":true,"href":"https:\/\/staging.phillips66.com\/76com\/wp-json\/wp\/v2\/users\/67"}],"replies":[{"embeddable":true,"href":"https:\/\/staging.phillips66.com\/76com\/wp-json\/wp\/v2\/comments?post=138"}],"version-history":[{"count":20,"href":"https:\/\/staging.phillips66.com\/76com\/wp-json\/wp\/v2\/pages\/138\/revisions"}],"predecessor-version":[{"id":74716,"href":"https:\/\/staging.phillips66.com\/76com\/wp-json\/wp\/v2\/pages\/138\/revisions\/74716"}],"wp:attachment":[{"href":"https:\/\/staging.phillips66.com\/76com\/wp-json\/wp\/v2\/media?parent=138"}],"wp:term":[{"taxonomy":"psx_promotion","embeddable":true,"href":"https:\/\/staging.phillips66.com\/76com\/wp-json\/wp\/v2\/psx_promotion?post=138"}],"curies":[{"name":"wp","href":"https:\/\/api.w.org\/{rel}","templated":true}]}}