{"id":141,"date":"2023-05-31T23:05:40","date_gmt":"2023-06-01T04:05:40","guid":{"rendered":"https:\/\/staging.phillips66.com\/76com\/\/?page_id=141"},"modified":"2024-09-25T10:18:47","modified_gmt":"2024-09-25T15:18:47","slug":"acerca-de-nosotros","status":"publish","type":"page","link":"https:\/\/staging.phillips66.com\/76com\/es\/acerca-de-nosotros\/","title":{"rendered":"Acerca de nosotros"},"content":{"rendered":"<div class=\"banner size-tall has-background-dim has-background-dim-60 alignwide has-text-align- size-tall banner content-position-undefined stack-on-mobile has-background-dim has-background-dim-60\">\n\t<picture class=\"banner__image\">\n\t\t\t\t<source srcset=\"https:\/\/phillips66.widen.net\/content\/eyfqsqokkw\/jpeg\/76_About_BKG_MB.jpeg?keep=c&#038;crop=yes&#038;color=ffffffff&#038;quality=54&#038;u=mw5qdv&#038;w=2048 2048w, https:\/\/phillips66.widen.net\/content\/eyfqsqokkw\/jpeg\/76_About_BKG_MB.jpeg?keep=c&#038;crop=yes&#038;color=ffffffff&#038;quality=54&#038;u=mw5qdv&#038;w=1536 1536w, https:\/\/phillips66.widen.net\/content\/eyfqsqokkw\/jpeg\/76_About_BKG_MB.jpeg?keep=c&#038;crop=yes&#038;color=ffffffff&#038;quality=54&#038;u=mw5qdv&#038;w=1440 1440w, https:\/\/phillips66.widen.net\/content\/eyfqsqokkw\/jpeg\/76_About_BKG_MB.jpeg?keep=c&#038;crop=yes&#038;color=ffffffff&#038;quality=54&#038;u=mw5qdv&#038;w=768 768w, https:\/\/phillips66.widen.net\/content\/eyfqsqokkw\/jpeg\/76_About_BKG_MB.jpeg?keep=c&#038;crop=yes&#038;color=ffffffff&#038;quality=54&#038;u=mw5qdv&#038;w=390 390w, https:\/\/phillips66.widen.net\/content\/eyfqsqokkw\/jpeg\/76_About_BKG_MB.jpeg?keep=c&#038;crop=yes&#038;color=ffffffff&#038;quality=54&#038;u=mw5qdv&#038;w=375 375w\" sizes=\"(min-width: 80em) 940px, (min-width: 75em) calc(100vw - 12.5rem), 100vw\" media=\"(max-width: 47.938em)\">\n\t\t\t\t<source srcset=\"https:\/\/phillips66.widen.net\/content\/ec307pklpp\/jpeg\/76_About_BKG_DT.jpeg?keep=c&#038;crop=yes&#038;color=ffffffff&#038;quality=54&#038;u=mw5qdv&#038;w=2048 2048w, https:\/\/phillips66.widen.net\/content\/ec307pklpp\/jpeg\/76_About_BKG_DT.jpeg?keep=c&#038;crop=yes&#038;color=ffffffff&#038;quality=54&#038;u=mw5qdv&#038;w=1440 1440w, https:\/\/phillips66.widen.net\/content\/ec307pklpp\/jpeg\/76_About_BKG_DT.jpeg?keep=c&#038;crop=yes&#038;color=ffffffff&#038;quality=54&#038;u=mw5qdv&#038;w=1024 1024w, https:\/\/phillips66.widen.net\/content\/ec307pklpp\/jpeg\/76_About_BKG_DT.jpeg?keep=c&#038;crop=yes&#038;color=ffffffff&#038;quality=54&#038;u=mw5qdv&#038;w=768 768w, https:\/\/phillips66.widen.net\/content\/ec307pklpp\/jpeg\/76_About_BKG_DT.jpeg?keep=c&#038;crop=yes&#038;color=ffffffff&#038;quality=54&#038;u=mw5qdv&#038;w=375 375w\" sizes=\"(min-width: 80em) 940px, (min-width: 75em) calc(100vw - 12.5rem), 100vw\" media=\"(min-width: 48em)\">\n\t\t\t\t<img decoding=\"async\" class=\"banner__image\" src=\"https:\/\/phillips66.widen.net\/content\/ec307pklpp\/jpeg\/76_About_BKG_DT.jpeg?keep=c&#038;crop=yes&#038;color=ffffffff&#038;quality=54&#038;u=mw5qdv\" alt=\"\">\n\t\t\t<\/picture><div class=\"banner__content\">\n\n<h2 class=\"wp-block-heading\">En sus marcas. Listos. <br>GO GO GO.<\/h2>\n\n\n\n<p class=\"wp-block-paragraph\">Hay GO en todo lo que haces; desde paseos improvisados a la playa, excursiones que te llevan a la cima de la monta\u00f1a, y hasta viajes cortos a tu cafeter\u00eda favorita. No importa a donde vayas, 76\u00ae est\u00e1 aqu\u00ed para impulsar todas tus maneras de GO GO GO.<\/p>\n\n\n\n<p class=\"wp-block-paragraph\"><\/p>\n\n<\/div><\/div>\n\n\n\n<div class=\"wp-block-group alignwide has-light-gray-background-color has-background is-layout-constrained wp-block-group-is-layout-constrained\">\n<h2 class=\"wp-block-heading has-text-align-center has-76-blue-color has-text-color\">Un equipo impresionante<\/h2>\n\n\n\n<p class=\"has-text-align-center wp-block-paragraph\">\u00bfNecesitas parar en el camino? Patrocinamos a los mejores equipos, eventos y causas en nuestra comunidad.<\/p>\n\n\n<figure class=\"wp-block-image alignwide wp-block-psx-widen-image\">\n\t<img decoding=\"async\" src=\"https:\/\/phillips66.widen.net\/content\/bds3qw1go7\/png\/2022_76_Sponsors_DT_1280x750.png?keep=c&#038;crop=yes&#038;quality=54&#038;u=mw5qdv&#038;retina=true\" width=\"1280\" height=\"700\" alt=\"\" loading=\"lazy\" \/><\/figure>\n<\/div>\n\n\n<div class=\"banner size-tall has-background-dim has-background-dim-60 alignwide has-text-align- size-tall banner content-position-undefined stack-on-mobile has-background-dim has-background-dim-60\">\n\t<picture class=\"banner__image\">\n\t\t\t\t<source srcset=\"https:\/\/phillips66.widen.net\/content\/zmm2vpzwm7\/jpeg\/76_History_BKG_MB.jpeg?keep=c&#038;crop=yes&#038;color=ffffffff&#038;quality=54&#038;u=mw5qdv&#038;w=2048 2048w, https:\/\/phillips66.widen.net\/content\/zmm2vpzwm7\/jpeg\/76_History_BKG_MB.jpeg?keep=c&#038;crop=yes&#038;color=ffffffff&#038;quality=54&#038;u=mw5qdv&#038;w=1536 1536w, https:\/\/phillips66.widen.net\/content\/zmm2vpzwm7\/jpeg\/76_History_BKG_MB.jpeg?keep=c&#038;crop=yes&#038;color=ffffffff&#038;quality=54&#038;u=mw5qdv&#038;w=1440 1440w, https:\/\/phillips66.widen.net\/content\/zmm2vpzwm7\/jpeg\/76_History_BKG_MB.jpeg?keep=c&#038;crop=yes&#038;color=ffffffff&#038;quality=54&#038;u=mw5qdv&#038;w=768 768w, https:\/\/phillips66.widen.net\/content\/zmm2vpzwm7\/jpeg\/76_History_BKG_MB.jpeg?keep=c&#038;crop=yes&#038;color=ffffffff&#038;quality=54&#038;u=mw5qdv&#038;w=390 390w, https:\/\/phillips66.widen.net\/content\/zmm2vpzwm7\/jpeg\/76_History_BKG_MB.jpeg?keep=c&#038;crop=yes&#038;color=ffffffff&#038;quality=54&#038;u=mw5qdv&#038;w=375 375w\" sizes=\"(min-width: 80em) 940px, (min-width: 75em) calc(100vw - 12.5rem), 100vw\" media=\"(max-width: 47.938em)\">\n\t\t\t\t<source srcset=\"https:\/\/phillips66.widen.net\/content\/l1av5r3dim\/jpeg\/76_History_BKG_DT.jpeg?keep=c&#038;crop=yes&#038;color=ffffffff&#038;quality=54&#038;u=mw5qdv&#038;w=2048 2048w, https:\/\/phillips66.widen.net\/content\/l1av5r3dim\/jpeg\/76_History_BKG_DT.jpeg?keep=c&#038;crop=yes&#038;color=ffffffff&#038;quality=54&#038;u=mw5qdv&#038;w=1440 1440w, https:\/\/phillips66.widen.net\/content\/l1av5r3dim\/jpeg\/76_History_BKG_DT.jpeg?keep=c&#038;crop=yes&#038;color=ffffffff&#038;quality=54&#038;u=mw5qdv&#038;w=1024 1024w, https:\/\/phillips66.widen.net\/content\/l1av5r3dim\/jpeg\/76_History_BKG_DT.jpeg?keep=c&#038;crop=yes&#038;color=ffffffff&#038;quality=54&#038;u=mw5qdv&#038;w=768 768w, https:\/\/phillips66.widen.net\/content\/l1av5r3dim\/jpeg\/76_History_BKG_DT.jpeg?keep=c&#038;crop=yes&#038;color=ffffffff&#038;quality=54&#038;u=mw5qdv&#038;w=375 375w\" sizes=\"(min-width: 80em) 940px, (min-width: 75em) calc(100vw - 12.5rem), 100vw\" media=\"(min-width: 48em)\">\n\t\t\t\t<img decoding=\"async\" class=\"banner__image\" src=\"https:\/\/phillips66.widen.net\/content\/l1av5r3dim\/jpeg\/76_History_BKG_DT.jpeg?keep=c&#038;crop=yes&#038;color=ffffffff&#038;quality=54&#038;u=mw5qdv\" alt=\"\">\n\t\t\t<\/picture><div class=\"banner__content\">\n\n<h2 class=\"wp-block-heading\">Con el mismo esp\u00edritu desde el principio.<\/h2>\n\n\n\n<p class=\"wp-block-paragraph\">76<sup>\u00ae<\/sup>&nbsp;ha estado del lado del conductor desde 1932. Nuestra emblem\u00e1tica esfera naranja debut\u00f3 30 a\u00f1os despu\u00e9s, y no pas\u00f3 mucho tiempo para que las populares \u201cbolitas para antena\u201d les dieran alegr\u00eda a los autos de todo el pa\u00eds.<\/p>\n\n<\/div><\/div>\n\n\n<div class=\"split-card has-media-on-the-right is-style-large-image wp-block-psx-split-card has-background has-white-background-color\">\n\t<picture class=\"split-card__image-wrapper\">\n\t\t<source srcset=\"https:\/\/phillips66.widen.net\/content\/bkenpmv5pw\/jpeg\/2019_76_About_Map_640x500_MB_02.jpeg?keep=c&#038;crop=yes&#038;color=ffffffff&#038;quality=54&#038;u=mw5qdv 375w\" sizes=\"100vw\" media=\"(max-width: 47.938em)\">\n\t\t\t\t<source srcset=\"https:\/\/phillips66.widen.net\/content\/b8nydewuvb\/jpeg\/2019_76_About_Map_1280x500_DT_CTA.jpeg?keep=c&#038;crop=yes&#038;quality=54&#038;u=mw5qdv 1000w\" sizes=\"100vw\" media=\"(min-width: 48em)\">\n\t\t\t\t<img decoding=\"async\" class=\"split-card__image\" src=\"https:\/\/phillips66.widen.net\/content\/b8nydewuvb\/jpeg\/2019_76_About_Map_1280x500_DT_CTA.jpeg?keep=c&#038;crop=yes&#038;quality=54&#038;u=mw5qdv\" alt=\"\">\n\t\t\n\t<\/picture>\n\t<div class=\"split-card__content\">\n\t\t<div class=\"split-card__content-inner\">\n\t\t\t\n\n<h2 class=\"wp-block-heading has-text-align-center has-76-blue-color has-text-color\">La tierra de la esfera naranja<\/h2>\n\n\n\n<p class=\"has-text-align-center wp-block-paragraph\">Con m\u00e1s de 1,900 gasolineras, nuestra gasolina TOP TIER<sup>\u00ae<\/sup>&nbsp;te ayudar\u00e1 a llegar a tu destino con mayor eficiencia.<\/p>\n\n\n\n<div class=\"wp-block-buttons is-content-justification-center is-layout-flex wp-container-core-buttons-is-layout-16018d1d wp-block-buttons-is-layout-flex\">\n<div class=\"wp-block-button\"><a class=\"wp-block-button__link wp-element-button\" href=\"https:\/\/staging.phillips66.com\/76com\/\/es\/localizador\/\">Encuentra Una Gasolinera<\/a><\/div>\n<\/div>\n\n\t\t<\/div>\n\t<\/div>\n<\/div>\n","protected":false},"excerpt":{"rendered":"<p>Un equipo impresionante \u00bfNecesitas parar en el camino? Patrocinamos a los mejores equipos, eventos y causas en nuestra comunidad.<\/p>\n","protected":false},"author":67,"featured_media":0,"parent":0,"menu_order":0,"comment_status":"closed","ping_status":"closed","template":"","meta":{"psx_page_submenu_id":0,"footnotes":"","widen_thumbnail_url":"","widen_thumbnail_width":"","widen_thumbnail_height":"","widen_thumbnail_focal_point_x":"","widen_thumbnail_focal_point_y":"","psx_hide_title":false},"psx_promotion":[],"class_list":["post-141","page","type-page","status-publish","hentry"],"yoast_head":"<!-- This site is optimized with the Yoast SEO plugin v23.9 - https:\/\/yoast.com\/wordpress\/plugins\/seo\/ -->\n<title>Acerca de Nosotros | Nuestra Historia | 76\u00ae<\/title>\n<meta name=\"description\" content=\"Durante m\u00e1s de 90 a\u00f1os, 76\u00ae te ha motivado a seguir adelante. Tambi\u00e9n patrocinamos algunos de los mejores equipos, eventos y causas. \u00a1\u00c9chales un vistazo!\" \/>\n<meta name=\"robots\" content=\"noindex, follow, max-snippet:-1, max-image-preview:large, max-video-preview:-1\" \/>\n<meta property=\"og:locale\" content=\"en_US\" \/>\n<meta property=\"og:type\" content=\"article\" \/>\n<meta property=\"og:title\" content=\"Acerca de Nosotros | Nuestra Historia | 76\u00ae\" \/>\n<meta property=\"og:description\" content=\"Durante m\u00e1s de 90 a\u00f1os, 76\u00ae te ha motivado a seguir adelante. Tambi\u00e9n patrocinamos algunos de los mejores equipos, eventos y causas. \u00a1\u00c9chales un vistazo!\" \/>\n<meta property=\"og:url\" content=\"https:\/\/staging.phillips66.com\/76com\/es\/acerca-de-nosotros\/\" \/>\n<meta property=\"og:site_name\" content=\"76 Gas Stations\" \/>\n<meta property=\"article:publisher\" content=\"https:\/\/www.facebook.com\/76gas\" \/>\n<meta property=\"article:modified_time\" content=\"2024-09-25T15:18:47+00:00\" \/>\n<meta name=\"twitter:card\" content=\"summary_large_image\" \/>\n<meta name=\"twitter:site\" content=\"@76\" \/>\n<meta name=\"twitter:label1\" content=\"Est. reading time\" \/>\n\t<meta name=\"twitter:data1\" content=\"1 minute\" \/>\n<script type=\"application\/ld+json\" class=\"yoast-schema-graph\">{\n\t    \"@context\": \"https:\/\/schema.org\",\n\t    \"@graph\": [\n\t        {\n\t            \"@type\": \"WebPage\",\n\t            \"@id\": \"https:\/\/staging.phillips66.com\/76com\/es\/acerca-de-nosotros\/\",\n\t            \"url\": \"https:\/\/staging.phillips66.com\/76com\/es\/acerca-de-nosotros\/\",\n\t            \"name\": \"Acerca de Nosotros | Nuestra Historia | 76\u00ae\",\n\t            \"isPartOf\": {\n\t                \"@id\": \"https:\/\/staging.phillips66.com\/76com\/#website\"\n\t            },\n\t            \"datePublished\": \"2023-06-01T04:05:40+00:00\",\n\t            \"dateModified\": \"2024-09-25T15:18:47+00:00\",\n\t            \"description\": \"Durante m\u00e1s de 90 a\u00f1os, 76\u00ae te ha motivado a seguir adelante. Tambi\u00e9n patrocinamos algunos de los mejores equipos, eventos y causas. \u00a1\u00c9chales un vistazo!\",\n\t            \"breadcrumb\": {\n\t                \"@id\": \"https:\/\/staging.phillips66.com\/76com\/es\/acerca-de-nosotros\/#breadcrumb\"\n\t            },\n\t            \"inLanguage\": \"en-US\",\n\t            \"potentialAction\": [\n\t                {\n\t                    \"@type\": \"ReadAction\",\n\t                    \"target\": [\n\t                        \"https:\/\/staging.phillips66.com\/76com\/es\/acerca-de-nosotros\/\"\n\t                    ]\n\t                }\n\t            ]\n\t        },\n\t        {\n\t            \"@type\": \"BreadcrumbList\",\n\t            \"@id\": \"https:\/\/staging.phillips66.com\/76com\/es\/acerca-de-nosotros\/#breadcrumb\",\n\t            \"itemListElement\": [\n\t                {\n\t                    \"@type\": \"ListItem\",\n\t                    \"position\": 1,\n\t                    \"name\": \"Home\",\n\t                    \"item\": \"https:\/\/staging.phillips66.com\/76com\/\"\n\t                },\n\t                {\n\t                    \"@type\": \"ListItem\",\n\t                    \"position\": 2,\n\t                    \"name\": \"Acerca de nosotros\"\n\t                }\n\t            ]\n\t        },\n\t        {\n\t            \"@type\": \"WebSite\",\n\t            \"@id\": \"https:\/\/staging.phillips66.com\/76com\/#website\",\n\t            \"url\": \"https:\/\/staging.phillips66.com\/76com\/\",\n\t            \"name\": \"76 Gas Stations\",\n\t            \"description\": \"\",\n\t            \"potentialAction\": [\n\t                {\n\t                    \"@type\": \"SearchAction\",\n\t                    \"target\": {\n\t                        \"@type\": \"EntryPoint\",\n\t                        \"urlTemplate\": \"https:\/\/staging.phillips66.com\/76com\/?s={search_term_string}\"\n\t                    },\n\t                    \"query-input\": {\n\t                        \"@type\": \"PropertyValueSpecification\",\n\t                        \"valueRequired\": true,\n\t                        \"valueName\": \"search_term_string\"\n\t                    }\n\t                }\n\t            ],\n\t            \"inLanguage\": \"en-US\",\n\t            \"publisher\": {\n\t                \"@id\": \"https:\/\/staging.phillips66.com\/76com\/#\/schema\/Organization\/1\"\n\t            }\n\t        },\n\t        {\n\t            \"@type\": \"Organization\",\n\t            \"@id\": \"https:\/\/staging.phillips66.com\/76com\/#\/schema\/Organization\/1\",\n\t            \"name\": \"76 Gas Stations\",\n\t            \"url\": \"https:\/\/staging.phillips66.com\/76com\/\",\n\t            \"logo\": {\n\t                \"@type\": \"ImageObject\",\n\t                \"inLanguage\": \"en-US\",\n\t                \"@id\": \"https:\/\/staging.phillips66.com\/76com\/#\/schema\/logo\/image\/\",\n\t                \"url\": \"https:\/\/staging.phillips66.com\/76com\/wp-content\/client-mu-plugins\/psx-yoast\/images\/p76-android-chrome-192.png\",\n\t                \"contentUrl\": \"https:\/\/staging.phillips66.com\/76com\/wp-content\/client-mu-plugins\/psx-yoast\/images\/p76-android-chrome-192.png\",\n\t                \"caption\": \"76 Gas\",\n\t                \"width\": 192,\n\t                \"height\": 192\n\t            },\n\t            \"image\": {\n\t                \"@id\": \"https:\/\/staging.phillips66.com\/76com\/#\/schema\/logo\/image\/\"\n\t            },\n\t            \"sameAs\": [\n\t                \"https:\/\/www.instagram.com\/76\",\n\t                \"https:\/\/www.facebook.com\/76gas\",\n\t                \"https:\/\/www.youtube.com\/user\/76Gasoline\"\n\t            ]\n\t        }\n\t    ]\n\t}<\/script>\n<!-- \/ Yoast SEO plugin. -->","yoast_head_json":{"title":"Acerca de Nosotros | Nuestra Historia | 76\u00ae","description":"Durante m\u00e1s de 90 a\u00f1os, 76\u00ae te ha motivado a seguir adelante. Tambi\u00e9n patrocinamos algunos de los mejores equipos, eventos y causas. \u00a1\u00c9chales un vistazo!","robots":{"index":"noindex","follow":"follow","max-snippet":"max-snippet:-1","max-image-preview":"max-image-preview:large","max-video-preview":"max-video-preview:-1"},"og_locale":"en_US","og_type":"article","og_title":"Acerca de Nosotros | Nuestra Historia | 76\u00ae","og_description":"Durante m\u00e1s de 90 a\u00f1os, 76\u00ae te ha motivado a seguir adelante. Tambi\u00e9n patrocinamos algunos de los mejores equipos, eventos y causas. \u00a1\u00c9chales un vistazo!","og_url":"https:\/\/staging.phillips66.com\/76com\/es\/acerca-de-nosotros\/","og_site_name":"76 Gas Stations","article_publisher":"https:\/\/www.facebook.com\/76gas","article_modified_time":"2024-09-25T15:18:47+00:00","twitter_card":"summary_large_image","twitter_site":"@76","twitter_misc":{"Est. reading time":"1 minute"},"schema":{"@context":"https:\/\/schema.org","@graph":[{"@type":"WebPage","@id":"https:\/\/staging.phillips66.com\/76com\/es\/acerca-de-nosotros\/","url":"https:\/\/staging.phillips66.com\/76com\/es\/acerca-de-nosotros\/","name":"Acerca de Nosotros | Nuestra Historia | 76\u00ae","isPartOf":{"@id":"https:\/\/staging.phillips66.com\/76com\/#website"},"datePublished":"2023-06-01T04:05:40+00:00","dateModified":"2024-09-25T15:18:47+00:00","description":"Durante m\u00e1s de 90 a\u00f1os, 76\u00ae te ha motivado a seguir adelante. Tambi\u00e9n patrocinamos algunos de los mejores equipos, eventos y causas. \u00a1\u00c9chales un vistazo!","breadcrumb":{"@id":"https:\/\/staging.phillips66.com\/76com\/es\/acerca-de-nosotros\/#breadcrumb"},"inLanguage":"en-US","potentialAction":[{"@type":"ReadAction","target":["https:\/\/staging.phillips66.com\/76com\/es\/acerca-de-nosotros\/"]}]},{"@type":"BreadcrumbList","@id":"https:\/\/staging.phillips66.com\/76com\/es\/acerca-de-nosotros\/#breadcrumb","itemListElement":[{"@type":"ListItem","position":1,"name":"Home","item":"https:\/\/staging.phillips66.com\/76com\/"},{"@type":"ListItem","position":2,"name":"Acerca de nosotros"}]},{"@type":"WebSite","@id":"https:\/\/staging.phillips66.com\/76com\/#website","url":"https:\/\/staging.phillips66.com\/76com\/","name":"76 Gas Stations","description":"","potentialAction":[{"@type":"SearchAction","target":{"@type":"EntryPoint","urlTemplate":"https:\/\/staging.phillips66.com\/76com\/?s={search_term_string}"},"query-input":{"@type":"PropertyValueSpecification","valueRequired":true,"valueName":"search_term_string"}}],"inLanguage":"en-US","publisher":{"@id":"https:\/\/staging.phillips66.com\/76com\/#\/schema\/Organization\/1"}},{"@type":"Organization","@id":"https:\/\/staging.phillips66.com\/76com\/#\/schema\/Organization\/1","name":"76 Gas Stations","url":"https:\/\/staging.phillips66.com\/76com\/","logo":{"@type":"ImageObject","inLanguage":"en-US","@id":"https:\/\/staging.phillips66.com\/76com\/#\/schema\/logo\/image\/","url":"https:\/\/staging.phillips66.com\/76com\/wp-content\/client-mu-plugins\/psx-yoast\/images\/p76-android-chrome-192.png","contentUrl":"https:\/\/staging.phillips66.com\/76com\/wp-content\/client-mu-plugins\/psx-yoast\/images\/p76-android-chrome-192.png","caption":"76 Gas","width":192,"height":192},"image":{"@id":"https:\/\/staging.phillips66.com\/76com\/#\/schema\/logo\/image\/"},"sameAs":["https:\/\/www.instagram.com\/76","https:\/\/www.facebook.com\/76gas","https:\/\/www.youtube.com\/user\/76Gasoline"]}]}},"lang":"es","translations":{"es":141,"en":77},"jetpack_sharing_enabled":true,"pll_sync_post":[],"_links":{"self":[{"href":"https:\/\/staging.phillips66.com\/76com\/wp-json\/wp\/v2\/pages\/141","targetHints":{"allow":["GET"]}}],"collection":[{"href":"https:\/\/staging.phillips66.com\/76com\/wp-json\/wp\/v2\/pages"}],"about":[{"href":"https:\/\/staging.phillips66.com\/76com\/wp-json\/wp\/v2\/types\/page"}],"author":[{"embeddable":true,"href":"https:\/\/staging.phillips66.com\/76com\/wp-json\/wp\/v2\/users\/67"}],"replies":[{"embeddable":true,"href":"https:\/\/staging.phillips66.com\/76com\/wp-json\/wp\/v2\/comments?post=141"}],"version-history":[{"count":13,"href":"https:\/\/staging.phillips66.com\/76com\/wp-json\/wp\/v2\/pages\/141\/revisions"}],"predecessor-version":[{"id":72141,"href":"https:\/\/staging.phillips66.com\/76com\/wp-json\/wp\/v2\/pages\/141\/revisions\/72141"}],"wp:attachment":[{"href":"https:\/\/staging.phillips66.com\/76com\/wp-json\/wp\/v2\/media?parent=141"}],"wp:term":[{"taxonomy":"psx_promotion","embeddable":true,"href":"https:\/\/staging.phillips66.com\/76com\/wp-json\/wp\/v2\/psx_promotion?post=141"}],"curies":[{"name":"wp","href":"https:\/\/api.w.org\/{rel}","templated":true}]}}