{"id":153,"date":"2023-05-31T23:37:56","date_gmt":"2023-06-01T04:37:56","guid":{"rendered":"https:\/\/staging.phillips66.com\/76com\/\/?page_id=153"},"modified":"2024-09-25T10:21:56","modified_gmt":"2024-09-25T15:21:56","slug":"configurar-email","status":"publish","type":"page","link":"https:\/\/staging.phillips66.com\/76com\/es\/configurar-email\/","title":{"rendered":"Bolet\u00edn Electr\u00f3nico"},"content":{"rendered":"<div class=\"split-card has-media-on-the-right wp-block-psx-split-card has-background has-gray-light-background-color\">\n\t<picture class=\"split-card__image-wrapper\">\n\t\t<source srcset=\"https:\/\/phillips66.widen.net\/content\/iadta0hrct\/jpeg\/phonehand_76.jpeg?keep=c&#038;crop=yes&#038;color=ffffffff&#038;quality=100&#038;u=pqrmwb 375w\" sizes=\"100vw\" media=\"(max-width: 47.938em)\">\n\t\t\t\t<source srcset=\"https:\/\/phillips66.widen.net\/content\/iadta0hrct\/jpeg\/phonehand_76.jpeg?keep=c&#038;crop=yes&#038;color=ffffffff&#038;quality=100&#038;u=pqrmwb 1000w\" sizes=\"100vw\" media=\"(min-width: 48em)\">\n\t\t\t\t<img decoding=\"async\" class=\"split-card__image\" src=\"https:\/\/phillips66.widen.net\/content\/iadta0hrct\/jpeg\/phonehand_76.jpeg?keep=c&#038;crop=yes&#038;color=ffffffff&#038;quality=100&#038;u=pqrmwb\" alt=\"\">\n\t\t\n\t<\/picture>\n\t<div class=\"split-card__content\">\n\t\t<div class=\"split-card__content-inner\">\n\t\t\t\n\n<h2 class=\"wp-block-heading has-76-blue-color has-text-color\">Prometemos no enviarte nada, a menos que sea algo incre\u00edble.<\/h2>\n\n\n\n<p class=\"wp-block-paragraph\">Si\u00e9ntete como en primera fila desde tu pantalla.<\/p>\n\n\n\n<p class=\"wp-block-paragraph\">Suscribirte a nuestra lista de correo electr\u00f3nico te favorece a ti, a tu auto y a tu billetera. Desde contenido emocionante hasta obsequios para suscriptores, estos correos electr\u00f3nicos te muestran todas las maneras en que estamos del lado del conductor<sup>\u00ae<\/sup>.<\/p>\n\n\t\t<\/div>\n\t<\/div>\n<\/div>\n\n\n\n<div style=\"height:1px\" aria-hidden=\"true\" id=\"sign-up\" class=\"wp-block-spacer\"><\/div>\n\n\n<section class=\"hide-title wp-block-psx-sign-up-form\" aria-label=\"Email sign up form\">\n\t<h2 class=\"wp-block-psx-sign-up-form__title\">Sign up for 76 Gas Stations&reg; emails.<\/h2>\n\n<h3 class=\"wp-block-heading has-text-align-left has-76-blue-color has-text-color\">Cuando se trata del correo electr\u00f3nico, estamos del lado del conductor.<\/h3>\n\n\n\n<p class=\"has-text-align-left wp-block-paragraph\">Obt\u00e9n las \u00faltimas ofertas, promociones y noticias especiales. Adem\u00e1s, tendr\u00e1s una oportunidad de ganar $500 en art\u00edculos promocionales y tarjetas de gasolina, cada mes.&nbsp;<a href=\"https:\/\/staging.phillips66.com\/76com\/\/stay-in-touch-rules\">Ver reglas oficiales.<\/a><\/p>\n\n\n<style>\n.grecaptcha-badge { visibility: hidden; }\n<\/style>\n<script>\naddEventListener( \"DOMContentLoaded\", ( event ) => {\n\n\tconst psxForm = document.getElementById( 'psx-sign-up-form' );\n\n\tconst psxRecaptchaHandleFormSubmit = function( event ) {\n\n\t\t\/\/ Not much we can do here.\n\t\tif ( 'undefined' === typeof grecaptcha ) {\n\t\t\treturn;\n\t\t}\n\n\t\tevent.preventDefault();\n\n\t\tgrecaptcha.ready( function() {\n\t\t\tgrecaptcha.execute('6LdWNqwoAAAAAKJRQF_wB2sxUZ6y24TwW02Q__Z-', {action: 'psx_b2c_sign_up_form'}).then( function( token ) {\n\n\t\t\t\tconst input1 = document.createElement(\"input\");\n\n\t\t\t\tinput1.setAttribute( \"type\", \"hidden\" );\n\t\t\t\tinput1.setAttribute( \"name\", \"token\" );\n\t\t\t\tinput1.setAttribute( \"value\", token );\n\n\t\t\t\tconst input2 = document.createElement(\"input\");\n\n\t\t\t\tinput2.setAttribute( \"type\", \"hidden\" );\n\t\t\t\tinput2.setAttribute( \"name\", \"action\" );\n\t\t\t\tinput2.setAttribute( \"value\", \"psx_b2c_sign_up_form\" );\n\n\t\t\t\tpsxForm.append( input1 );\n\t\t\t\tpsxForm.append( input2 );\n\n\t\t\t\tpsxForm.removeEventListener( \"submit\", psxRecaptchaHandleFormSubmit, true );\n\t\t\t\tpsxForm.submit();\n\t\t\t});;\n\t\t});\n\t};\n\n\tif ( psxForm ) {\n\t\tpsxForm.addEventListener( \"submit\", psxRecaptchaHandleFormSubmit, true );\n\t}\n});\n<\/script>\n<form id=\"psx-sign-up-form\" method=\"post\" action=\"https:\/\/staging.phillips66.com\/76com\/es\/configurar-email\/\">\n\n\t\n\t\t\t\t<script>\n\t\tdocument.addEventListener( 'DOMContentLoaded', function() {\n\t\t\tconst element = document.getElementById(\"psx-sign-up-form\");\n\t\t\tif ( element ) {\n\t\t\t\tconst params  = new URL( document.location.toString() ).searchParams;\n\t\t\t\tconst show    = params.get('sign_up_form');\n\t\t\t\tif ( 'true' === show ) {\n\t\t\t\t\telement.scrollIntoView();\n\t\t\t\t}\n\t\t\t}\n\t\t});\n\t\t<\/script>\n\t\t<div class=\"psx-sign-up-form\">\n\t\t<input type=\"hidden\" id=\"b2c_sign_up_form_nonce\" name=\"b2c_sign_up_form_nonce\" value=\"ba638d16ef\" \/><input type=\"hidden\" name=\"_wp_http_referer\" value=\"\/76com\/wp-json\/wp\/v2\/pages\/153\" \/>\t\t<input type=\"hidden\" name=\"source\" value=\"https:\/\/staging.phillips66.com\/76com\/es\/configurar-email\/\">\n\n\t\t<div class=\"psx-form-field-wrap\"><label class=\"\">First Name <span>(required)<\/span><\/label><input type=\"text\" name=\"first_name\" id=\"psx-sign-up-form-first_name\" value=\"\" required=\"required\" aria-required=\"true\"><\/div><div class=\"psx-form-field-wrap\"><label class=\"\">Last Name <span>(required)<\/span><\/label><input type=\"text\" name=\"last_name\" id=\"psx-sign-up-form-last_name\" value=\"\" required=\"required\" aria-required=\"true\"><\/div><div class=\"psx-form-field-wrap\"><label class=\"\">Email <span>(required)<\/span><\/label><input type=\"email\" name=\"email\" id=\"psx-sign-up-form-email\" value=\"\" required=\"required\" aria-required=\"true\"><\/div><div class=\"psx-form-field-wrap\"><label class=\"\">Zip Code <span>(required)<\/span><\/label><input type=\"text\" name=\"zip_code\" id=\"psx-sign-up-form-zip_code\" value=\"\" required=\"required\" aria-required=\"true\" pattern=\"\\d{5}-?(\\d{4})?\"><\/div>\t\t<div class=\"psx-form-field-wrap\">\n\t\t\t<div class=\"wp-block-button\">\n\t\t\t\t<button class=\"wp-block-button__link\" type=\"submit\">Submit<\/button>\t\t\t<\/div>\n\t\t<\/div>\n\t<\/div>\n\t<p class=\"psx-sign-up-form-notice\">\n\t\t<strong>\n\t\t\tBy clicking the SUBMIT button you agree to the <a href=\"https:\/\/www.phillips66.com\/privacy-statement\/\" target=\"_blank\" rel=\"noreferrer noopener\">Privacy Statement<\/a> and <a href=\"https:\/\/www.phillips66.com\/terms-and-conditions\/\" target=\"_blank\" rel=\"noreferrer noopener\">Terms &amp; Conditions<\/a>.\t\t<\/strong>\n\t<\/p>\n\t<p><small>\n\tThis site is protected by reCAPTCHA and the Google <a href=\"https:\/\/policies.google.com\/privacy\">Privacy Policy<\/a> and <a href=\"https:\/\/policies.google.com\/terms\">Terms of Service<\/a> apply.\t<\/small><\/p>\n<\/form>\n\n<\/section>\n\n\n<div class=\"split-card has-media-on-the-left wp-block-psx-split-card\">\n\t<picture class=\"split-card__image-wrapper\">\n\t\t<source srcset=\"https:\/\/phillips66.widen.net\/content\/o8t3ed6ysl\/web\/2019_76_Email_Settings_Grid_3.gif?animate=true&#038;u=mw5qdv 375w\" sizes=\"100vw\" media=\"(max-width: 47.938em)\">\n\t\t\t\t<source srcset=\"https:\/\/phillips66.widen.net\/content\/o8t3ed6ysl\/web\/2019_76_Email_Settings_Grid_3.gif?animate=true&#038;u=mw5qdv 1000w\" sizes=\"100vw\" media=\"(min-width: 48em)\">\n\t\t\t\t<img decoding=\"async\" class=\"split-card__image\" src=\"https:\/\/phillips66.widen.net\/content\/o8t3ed6ysl\/web\/2019_76_Email_Settings_Grid_3.gif?animate=true&#038;u=mw5qdv\" alt=\"\">\n\t\t\n\t<\/picture>\n\t<div class=\"split-card__content\">\n\t\t<div class=\"split-card__content-inner\">\n\t\t\t\n\n<h2 class=\"wp-block-heading has-76-blue-color has-text-color\">Mant\u00e9n la emoci\u00f3n.<\/h2>\n\n\n\n<p class=\"wp-block-paragraph\">Desde ideas para destinos apartados que convertir\u00e1n tu pr\u00f3ximo fin de semana en un recuerdo inolvidable, hasta herramientas \u00fatiles para una f\u00e1cil planificaci\u00f3n, estos correos electr\u00f3nicos te ayudar\u00e1n a aprovechar al m\u00e1ximo tus millas.<\/p>\n\n\t\t<\/div>\n\t<\/div>\n<\/div>\n\n\n<div style=\"--max-multiplier: 0.50;\" class=\"banner has-text-align-center size-tall content-width-50 has-background-dim has-background-dim-60 alignwide has-text-align-center size-tall banner content-position-undefined stack-on-mobile content-width-50 has-background-dim has-background-dim-60\">\n\t<picture class=\"banner__image\">\n\t\t\t\t<source srcset=\"https:\/\/phillips66.widen.net\/content\/0lbepmjxu1\/jpeg\/2019_76_Joyride_Hero_DT_1280x580_v2.jpeg?keep=c&#038;crop=yes&#038;color=ffffffff&#038;quality=54&#038;u=mw5qdv&#038;w=2048 2048w, https:\/\/phillips66.widen.net\/content\/0lbepmjxu1\/jpeg\/2019_76_Joyride_Hero_DT_1280x580_v2.jpeg?keep=c&#038;crop=yes&#038;color=ffffffff&#038;quality=54&#038;u=mw5qdv&#038;w=1536 1536w, https:\/\/phillips66.widen.net\/content\/0lbepmjxu1\/jpeg\/2019_76_Joyride_Hero_DT_1280x580_v2.jpeg?keep=c&#038;crop=yes&#038;color=ffffffff&#038;quality=54&#038;u=mw5qdv&#038;w=1440 1440w, https:\/\/phillips66.widen.net\/content\/0lbepmjxu1\/jpeg\/2019_76_Joyride_Hero_DT_1280x580_v2.jpeg?keep=c&#038;crop=yes&#038;color=ffffffff&#038;quality=54&#038;u=mw5qdv&#038;w=768 768w, https:\/\/phillips66.widen.net\/content\/0lbepmjxu1\/jpeg\/2019_76_Joyride_Hero_DT_1280x580_v2.jpeg?keep=c&#038;crop=yes&#038;color=ffffffff&#038;quality=54&#038;u=mw5qdv&#038;w=390 390w, https:\/\/phillips66.widen.net\/content\/0lbepmjxu1\/jpeg\/2019_76_Joyride_Hero_DT_1280x580_v2.jpeg?keep=c&#038;crop=yes&#038;color=ffffffff&#038;quality=54&#038;u=mw5qdv&#038;w=375 375w\" sizes=\"(min-width: 80em) 940px, (min-width: 75em) calc(100vw - 12.5rem), 100vw\" media=\"(max-width: 47.938em)\">\n\t\t\t\t<source srcset=\"https:\/\/phillips66.widen.net\/content\/0lbepmjxu1\/jpeg\/2019_76_Joyride_Hero_DT_1280x580_v2.jpeg?keep=c&#038;crop=yes&#038;color=ffffffff&#038;quality=54&#038;u=mw5qdv&#038;w=2048 2048w, https:\/\/phillips66.widen.net\/content\/0lbepmjxu1\/jpeg\/2019_76_Joyride_Hero_DT_1280x580_v2.jpeg?keep=c&#038;crop=yes&#038;color=ffffffff&#038;quality=54&#038;u=mw5qdv&#038;w=1440 1440w, https:\/\/phillips66.widen.net\/content\/0lbepmjxu1\/jpeg\/2019_76_Joyride_Hero_DT_1280x580_v2.jpeg?keep=c&#038;crop=yes&#038;color=ffffffff&#038;quality=54&#038;u=mw5qdv&#038;w=1024 1024w, https:\/\/phillips66.widen.net\/content\/0lbepmjxu1\/jpeg\/2019_76_Joyride_Hero_DT_1280x580_v2.jpeg?keep=c&#038;crop=yes&#038;color=ffffffff&#038;quality=54&#038;u=mw5qdv&#038;w=768 768w, https:\/\/phillips66.widen.net\/content\/0lbepmjxu1\/jpeg\/2019_76_Joyride_Hero_DT_1280x580_v2.jpeg?keep=c&#038;crop=yes&#038;color=ffffffff&#038;quality=54&#038;u=mw5qdv&#038;w=375 375w\" sizes=\"(min-width: 80em) 940px, (min-width: 75em) calc(100vw - 12.5rem), 100vw\" media=\"(min-width: 48em)\">\n\t\t\t\t<img decoding=\"async\" class=\"banner__image\" src=\"https:\/\/phillips66.widen.net\/content\/0lbepmjxu1\/jpeg\/2019_76_Joyride_Hero_DT_1280x580_v2.jpeg?keep=c&#038;crop=yes&#038;color=ffffffff&#038;quality=54&#038;u=mw5qdv\" alt=\"\">\n\t\t\t<\/picture><div class=\"banner__content\">\n\n<h2 class=\"wp-block-heading\">Date un pase\u00edto<br>en auto.<\/h2>\n\n\n\n<p class=\"wp-block-paragraph\">Llevamos lo mejor del camino a tu bandeja de entrada. Nuestros suscriptores pueden descubrir c\u00f3mo trazar su propio camino y ver qu\u00e9 pasa cuando conviertes una van en tu hogar, incluyendo consejos sobre c\u00f3mo no usar repelente de osos.<\/p>\n\n<\/div><\/div>\n\n\n<div class=\"split-card has-media-on-the-right wp-block-psx-split-card\">\n\t<picture class=\"split-card__image-wrapper\">\n\t\t<source srcset=\"https:\/\/phillips66.widen.net\/content\/vcif9jifsq\/jpeg\/76-Email-Settings-Section-5-Grid-640x640.jpeg?keep=c&#038;crop=yes&#038;color=ffffffff&#038;quality=54&#038;u=mw5qdv 375w\" sizes=\"100vw\" media=\"(max-width: 47.938em)\">\n\t\t\t\t<source srcset=\"https:\/\/phillips66.widen.net\/content\/vcif9jifsq\/jpeg\/76-Email-Settings-Section-5-Grid-640x640.jpeg?keep=c&#038;crop=yes&#038;color=ffffffff&#038;quality=54&#038;u=mw5qdv 1000w\" sizes=\"100vw\" media=\"(min-width: 48em)\">\n\t\t\t\t<img decoding=\"async\" class=\"split-card__image\" src=\"https:\/\/phillips66.widen.net\/content\/vcif9jifsq\/jpeg\/76-Email-Settings-Section-5-Grid-640x640.jpeg?keep=c&#038;crop=yes&#038;color=ffffffff&#038;quality=54&#038;u=mw5qdv\" alt=\"\">\n\t\t\n\t<\/picture>\n\t<div class=\"split-card__content\">\n\t\t<div class=\"split-card__content-inner\">\n\t\t\t\n\n<h2 class=\"wp-block-heading has-76-blue-color has-text-color\">Disfruta los beneficios.<\/h2>\n\n\n\n<p class=\"wp-block-paragraph\">&nbsp;Los suscriptores son los primeros en recibir cosas que creemos te gustar\u00e1n, a un precio que sabemos te encantar\u00e1. Desde sorteos mensuales de tarjetas de gasolina y art\u00edculos promocionales, hasta boletos con descuento para eventos que no te quieres perder, mantenemos el tanque y la agenda de nuestros suscriptores llenos, sin vaciar sus billeteras.<\/p>\n\n\t\t<\/div>\n\t<\/div>\n<\/div>\n\n\n\n<div class=\"wp-block-group alignfull has-web-gray-background-color has-background is-layout-constrained wp-block-group-is-layout-constrained\">\n<h2 class=\"wp-block-heading has-text-align-center has-76-blue-color has-text-color\">Recibiste un mensaje de correo electr\u00f3nico<br>(que te gusta de verdad)<\/h2>\n\n\n\n<p class=\"has-text-align-center wp-block-paragraph\">T\u00fa trazas tu propio camino. Deja que 76<sup>\u00ae<\/sup>&nbsp;te ayude a convertirlo en algo incre\u00edble.<\/p>\n\n\n\n<div class=\"wp-block-buttons is-vertical is-content-justification-center is-layout-flex wp-container-core-buttons-is-layout-9a7cdcfd wp-block-buttons-is-layout-flex\">\n<div class=\"wp-block-button\"><a class=\"wp-block-button__link has-text-align-center wp-element-button\" href=\"#sign-up\">Inscribirse<\/a><\/div>\n\n\n\n<div class=\"wp-block-button is-style-text-arrow-icon\"><a class=\"wp-block-button__link wp-element-button\" href=\"\" target=\"_blank\" rel=\"noreferrer noopener\">Cancelar La Suscripci\u00f3n<\/a><\/div>\n<\/div>\n<\/div>\n","protected":false},"excerpt":{"rendered":"<p>Recibiste un mensaje de correo electr\u00f3nico(que te gusta de verdad) T\u00fa trazas tu propio camino. Deja que 76\u00ae&nbsp;te ayude a convertirlo en algo incre\u00edble.<\/p>\n","protected":false},"author":67,"featured_media":0,"parent":0,"menu_order":0,"comment_status":"closed","ping_status":"closed","template":"","meta":{"psx_page_submenu_id":0,"footnotes":"","widen_thumbnail_url":"","widen_thumbnail_width":"","widen_thumbnail_height":"","widen_thumbnail_focal_point_x":"","widen_thumbnail_focal_point_y":"","psx_hide_title":true},"psx_promotion":[],"class_list":["post-153","page","type-page","status-publish","hentry"],"yoast_head":"<!-- This site is optimized with the Yoast SEO plugin v23.9 - https:\/\/yoast.com\/wordpress\/plugins\/seo\/ -->\n<title>Bolet\u00edn Electr\u00f3nico de la Gasolinera 76\u00ae | 76\u00ae<\/title>\n<meta name=\"description\" content=\"Inscr\u00edbete para recibir nuestros correos electr\u00f3nicos con nuestras ofertas especiales y tener la oportunidad de ganar en nuestro sorteo mensual.\" \/>\n<meta name=\"robots\" content=\"noindex, follow, max-snippet:-1, max-image-preview:large, max-video-preview:-1\" \/>\n<meta property=\"og:locale\" content=\"en_US\" \/>\n<meta property=\"og:type\" content=\"article\" \/>\n<meta property=\"og:title\" content=\"Bolet\u00edn Electr\u00f3nico de la Gasolinera 76\u00ae | 76\u00ae\" \/>\n<meta property=\"og:description\" content=\"Inscr\u00edbete para recibir nuestros correos electr\u00f3nicos con nuestras ofertas especiales y tener la oportunidad de ganar en nuestro sorteo mensual.\" \/>\n<meta property=\"og:url\" content=\"https:\/\/staging.phillips66.com\/76com\/es\/configurar-email\/\" \/>\n<meta property=\"og:site_name\" content=\"76 Gas Stations\" \/>\n<meta property=\"article:publisher\" content=\"https:\/\/www.facebook.com\/76gas\" \/>\n<meta property=\"article:modified_time\" content=\"2024-09-25T15:21:56+00:00\" \/>\n<meta name=\"twitter:card\" content=\"summary_large_image\" \/>\n<meta name=\"twitter:site\" content=\"@76\" \/>\n<meta name=\"twitter:label1\" content=\"Est. reading time\" \/>\n\t<meta name=\"twitter:data1\" content=\"2 minutes\" \/>\n<script type=\"application\/ld+json\" class=\"yoast-schema-graph\">{\n\t    \"@context\": \"https:\/\/schema.org\",\n\t    \"@graph\": [\n\t        {\n\t            \"@type\": \"WebPage\",\n\t            \"@id\": \"https:\/\/staging.phillips66.com\/76com\/es\/configurar-email\/\",\n\t            \"url\": \"https:\/\/staging.phillips66.com\/76com\/es\/configurar-email\/\",\n\t            \"name\": \"Bolet\u00edn Electr\u00f3nico de la Gasolinera 76\u00ae | 76\u00ae\",\n\t            \"isPartOf\": {\n\t                \"@id\": \"https:\/\/staging.phillips66.com\/76com\/#website\"\n\t            },\n\t            \"datePublished\": \"2023-06-01T04:37:56+00:00\",\n\t            \"dateModified\": \"2024-09-25T15:21:56+00:00\",\n\t            \"description\": \"Inscr\u00edbete para recibir nuestros correos electr\u00f3nicos con nuestras ofertas especiales y tener la oportunidad de ganar en nuestro sorteo mensual.\",\n\t            \"breadcrumb\": {\n\t                \"@id\": \"https:\/\/staging.phillips66.com\/76com\/es\/configurar-email\/#breadcrumb\"\n\t            },\n\t            \"inLanguage\": \"en-US\",\n\t            \"potentialAction\": [\n\t                {\n\t                    \"@type\": \"ReadAction\",\n\t                    \"target\": [\n\t                        \"https:\/\/staging.phillips66.com\/76com\/es\/configurar-email\/\"\n\t                    ]\n\t                }\n\t            ]\n\t        },\n\t        {\n\t            \"@type\": \"BreadcrumbList\",\n\t            \"@id\": \"https:\/\/staging.phillips66.com\/76com\/es\/configurar-email\/#breadcrumb\",\n\t            \"itemListElement\": [\n\t                {\n\t                    \"@type\": \"ListItem\",\n\t                    \"position\": 1,\n\t                    \"name\": \"Home\",\n\t                    \"item\": \"https:\/\/staging.phillips66.com\/76com\/\"\n\t                },\n\t                {\n\t                    \"@type\": \"ListItem\",\n\t                    \"position\": 2,\n\t                    \"name\": \"Bolet\u00edn Electr\u00f3nico\"\n\t                }\n\t            ]\n\t        },\n\t        {\n\t            \"@type\": \"WebSite\",\n\t            \"@id\": \"https:\/\/staging.phillips66.com\/76com\/#website\",\n\t            \"url\": \"https:\/\/staging.phillips66.com\/76com\/\",\n\t            \"name\": \"76 Gas Stations\",\n\t            \"description\": \"\",\n\t            \"potentialAction\": [\n\t                {\n\t                    \"@type\": \"SearchAction\",\n\t                    \"target\": {\n\t                        \"@type\": \"EntryPoint\",\n\t                        \"urlTemplate\": \"https:\/\/staging.phillips66.com\/76com\/?s={search_term_string}\"\n\t                    },\n\t                    \"query-input\": {\n\t                        \"@type\": \"PropertyValueSpecification\",\n\t                        \"valueRequired\": true,\n\t                        \"valueName\": \"search_term_string\"\n\t                    }\n\t                }\n\t            ],\n\t            \"inLanguage\": \"en-US\",\n\t            \"publisher\": {\n\t                \"@id\": \"https:\/\/staging.phillips66.com\/76com\/#\/schema\/Organization\/1\"\n\t            }\n\t        },\n\t        {\n\t            \"@type\": \"Organization\",\n\t            \"@id\": \"https:\/\/staging.phillips66.com\/76com\/#\/schema\/Organization\/1\",\n\t            \"name\": \"76 Gas Stations\",\n\t            \"url\": \"https:\/\/staging.phillips66.com\/76com\/\",\n\t            \"logo\": {\n\t                \"@type\": \"ImageObject\",\n\t                \"inLanguage\": \"en-US\",\n\t                \"@id\": \"https:\/\/staging.phillips66.com\/76com\/#\/schema\/logo\/image\/\",\n\t                \"url\": \"https:\/\/staging.phillips66.com\/76com\/wp-content\/client-mu-plugins\/psx-yoast\/images\/p76-android-chrome-192.png\",\n\t                \"contentUrl\": \"https:\/\/staging.phillips66.com\/76com\/wp-content\/client-mu-plugins\/psx-yoast\/images\/p76-android-chrome-192.png\",\n\t                \"caption\": \"76 Gas\",\n\t                \"width\": 192,\n\t                \"height\": 192\n\t            },\n\t            \"image\": {\n\t                \"@id\": \"https:\/\/staging.phillips66.com\/76com\/#\/schema\/logo\/image\/\"\n\t            },\n\t            \"sameAs\": [\n\t                \"https:\/\/www.instagram.com\/76\",\n\t                \"https:\/\/www.facebook.com\/76gas\",\n\t                \"https:\/\/www.youtube.com\/user\/76Gasoline\"\n\t            ]\n\t        }\n\t    ]\n\t}<\/script>\n<!-- \/ Yoast SEO plugin. -->","yoast_head_json":{"title":"Bolet\u00edn Electr\u00f3nico de la Gasolinera 76\u00ae | 76\u00ae","description":"Inscr\u00edbete para recibir nuestros correos electr\u00f3nicos con nuestras ofertas especiales y tener la oportunidad de ganar en nuestro sorteo mensual.","robots":{"index":"noindex","follow":"follow","max-snippet":"max-snippet:-1","max-image-preview":"max-image-preview:large","max-video-preview":"max-video-preview:-1"},"og_locale":"en_US","og_type":"article","og_title":"Bolet\u00edn Electr\u00f3nico de la Gasolinera 76\u00ae | 76\u00ae","og_description":"Inscr\u00edbete para recibir nuestros correos electr\u00f3nicos con nuestras ofertas especiales y tener la oportunidad de ganar en nuestro sorteo mensual.","og_url":"https:\/\/staging.phillips66.com\/76com\/es\/configurar-email\/","og_site_name":"76 Gas Stations","article_publisher":"https:\/\/www.facebook.com\/76gas","article_modified_time":"2024-09-25T15:21:56+00:00","twitter_card":"summary_large_image","twitter_site":"@76","twitter_misc":{"Est. reading time":"2 minutes"},"schema":{"@context":"https:\/\/schema.org","@graph":[{"@type":"WebPage","@id":"https:\/\/staging.phillips66.com\/76com\/es\/configurar-email\/","url":"https:\/\/staging.phillips66.com\/76com\/es\/configurar-email\/","name":"Bolet\u00edn Electr\u00f3nico de la Gasolinera 76\u00ae | 76\u00ae","isPartOf":{"@id":"https:\/\/staging.phillips66.com\/76com\/#website"},"datePublished":"2023-06-01T04:37:56+00:00","dateModified":"2024-09-25T15:21:56+00:00","description":"Inscr\u00edbete para recibir nuestros correos electr\u00f3nicos con nuestras ofertas especiales y tener la oportunidad de ganar en nuestro sorteo mensual.","breadcrumb":{"@id":"https:\/\/staging.phillips66.com\/76com\/es\/configurar-email\/#breadcrumb"},"inLanguage":"en-US","potentialAction":[{"@type":"ReadAction","target":["https:\/\/staging.phillips66.com\/76com\/es\/configurar-email\/"]}]},{"@type":"BreadcrumbList","@id":"https:\/\/staging.phillips66.com\/76com\/es\/configurar-email\/#breadcrumb","itemListElement":[{"@type":"ListItem","position":1,"name":"Home","item":"https:\/\/staging.phillips66.com\/76com\/"},{"@type":"ListItem","position":2,"name":"Bolet\u00edn Electr\u00f3nico"}]},{"@type":"WebSite","@id":"https:\/\/staging.phillips66.com\/76com\/#website","url":"https:\/\/staging.phillips66.com\/76com\/","name":"76 Gas Stations","description":"","potentialAction":[{"@type":"SearchAction","target":{"@type":"EntryPoint","urlTemplate":"https:\/\/staging.phillips66.com\/76com\/?s={search_term_string}"},"query-input":{"@type":"PropertyValueSpecification","valueRequired":true,"valueName":"search_term_string"}}],"inLanguage":"en-US","publisher":{"@id":"https:\/\/staging.phillips66.com\/76com\/#\/schema\/Organization\/1"}},{"@type":"Organization","@id":"https:\/\/staging.phillips66.com\/76com\/#\/schema\/Organization\/1","name":"76 Gas Stations","url":"https:\/\/staging.phillips66.com\/76com\/","logo":{"@type":"ImageObject","inLanguage":"en-US","@id":"https:\/\/staging.phillips66.com\/76com\/#\/schema\/logo\/image\/","url":"https:\/\/staging.phillips66.com\/76com\/wp-content\/client-mu-plugins\/psx-yoast\/images\/p76-android-chrome-192.png","contentUrl":"https:\/\/staging.phillips66.com\/76com\/wp-content\/client-mu-plugins\/psx-yoast\/images\/p76-android-chrome-192.png","caption":"76 Gas","width":192,"height":192},"image":{"@id":"https:\/\/staging.phillips66.com\/76com\/#\/schema\/logo\/image\/"},"sameAs":["https:\/\/www.instagram.com\/76","https:\/\/www.facebook.com\/76gas","https:\/\/www.youtube.com\/user\/76Gasoline"]}]}},"lang":"es","translations":{"es":153,"en":55},"jetpack_sharing_enabled":true,"pll_sync_post":[],"_links":{"self":[{"href":"https:\/\/staging.phillips66.com\/76com\/wp-json\/wp\/v2\/pages\/153","targetHints":{"allow":["GET"]}}],"collection":[{"href":"https:\/\/staging.phillips66.com\/76com\/wp-json\/wp\/v2\/pages"}],"about":[{"href":"https:\/\/staging.phillips66.com\/76com\/wp-json\/wp\/v2\/types\/page"}],"author":[{"embeddable":true,"href":"https:\/\/staging.phillips66.com\/76com\/wp-json\/wp\/v2\/users\/67"}],"replies":[{"embeddable":true,"href":"https:\/\/staging.phillips66.com\/76com\/wp-json\/wp\/v2\/comments?post=153"}],"version-history":[{"count":27,"href":"https:\/\/staging.phillips66.com\/76com\/wp-json\/wp\/v2\/pages\/153\/revisions"}],"predecessor-version":[{"id":72142,"href":"https:\/\/staging.phillips66.com\/76com\/wp-json\/wp\/v2\/pages\/153\/revisions\/72142"}],"wp:attachment":[{"href":"https:\/\/staging.phillips66.com\/76com\/wp-json\/wp\/v2\/media?parent=153"}],"wp:term":[{"taxonomy":"psx_promotion","embeddable":true,"href":"https:\/\/staging.phillips66.com\/76com\/wp-json\/wp\/v2\/psx_promotion?post=153"}],"curies":[{"name":"wp","href":"https:\/\/api.w.org\/{rel}","templated":true}]}}