{"id":71458,"date":"2024-02-06T10:14:03","date_gmt":"2024-02-06T16:14:03","guid":{"rendered":"https:\/\/staging.phillips66.com\/76com\/\/?page_id=71458"},"modified":"2024-09-25T10:27:02","modified_gmt":"2024-09-25T15:27:02","slug":"diesel-renovable","status":"publish","type":"page","link":"https:\/\/staging.phillips66.com\/76com\/es\/diesel-renovable\/","title":{"rendered":"Di\u00e9sel Renovable"},"content":{"rendered":"<div style=\"--max-multiplier: 1.00;\" class=\"banner has-text-align-center size-tall content-position-top-center content-width-100 hero-on-mobile content-position-mobile-top has-text-align-center size-tall banner content-width-100\">\n\t<picture class=\"banner__image\">\n\t\t\t\t<source srcset=\"https:\/\/phillips66.widen.net\/content\/q8049sfwwr\/jpeg\/mountains.jpeg?keep=c&#038;crop=yes&#038;color=ffffffff&#038;quality=100&#038;u=keuiiu&#038;w=2048 2048w, https:\/\/phillips66.widen.net\/content\/q8049sfwwr\/jpeg\/mountains.jpeg?keep=c&#038;crop=yes&#038;color=ffffffff&#038;quality=100&#038;u=keuiiu&#038;w=1536 1536w, https:\/\/phillips66.widen.net\/content\/q8049sfwwr\/jpeg\/mountains.jpeg?keep=c&#038;crop=yes&#038;color=ffffffff&#038;quality=100&#038;u=keuiiu&#038;w=1440 1440w, https:\/\/phillips66.widen.net\/content\/q8049sfwwr\/jpeg\/mountains.jpeg?keep=c&#038;crop=yes&#038;color=ffffffff&#038;quality=100&#038;u=keuiiu&#038;w=768 768w, https:\/\/phillips66.widen.net\/content\/q8049sfwwr\/jpeg\/mountains.jpeg?keep=c&#038;crop=yes&#038;color=ffffffff&#038;quality=100&#038;u=keuiiu&#038;w=390 390w, https:\/\/phillips66.widen.net\/content\/q8049sfwwr\/jpeg\/mountains.jpeg?keep=c&#038;crop=yes&#038;color=ffffffff&#038;quality=100&#038;u=keuiiu&#038;w=375 375w\" sizes=\"(min-width: 80em) 940px, (min-width: 75em) calc(100vw - 12.5rem), 100vw\" media=\"(max-width: 47.938em)\">\n\t\t\t\t<source srcset=\"https:\/\/phillips66.widen.net\/content\/q8049sfwwr\/jpeg\/mountains.jpeg?keep=c&#038;crop=yes&#038;color=ffffffff&#038;quality=100&#038;u=keuiiu&#038;w=2048 2048w, https:\/\/phillips66.widen.net\/content\/q8049sfwwr\/jpeg\/mountains.jpeg?keep=c&#038;crop=yes&#038;color=ffffffff&#038;quality=100&#038;u=keuiiu&#038;w=1440 1440w, https:\/\/phillips66.widen.net\/content\/q8049sfwwr\/jpeg\/mountains.jpeg?keep=c&#038;crop=yes&#038;color=ffffffff&#038;quality=100&#038;u=keuiiu&#038;w=1024 1024w, https:\/\/phillips66.widen.net\/content\/q8049sfwwr\/jpeg\/mountains.jpeg?keep=c&#038;crop=yes&#038;color=ffffffff&#038;quality=100&#038;u=keuiiu&#038;w=768 768w, https:\/\/phillips66.widen.net\/content\/q8049sfwwr\/jpeg\/mountains.jpeg?keep=c&#038;crop=yes&#038;color=ffffffff&#038;quality=100&#038;u=keuiiu&#038;w=375 375w\" sizes=\"(min-width: 80em) 940px, (min-width: 75em) calc(100vw - 12.5rem), 100vw\" media=\"(min-width: 48em)\">\n\t\t\t\t<img decoding=\"async\" class=\"banner__image\" src=\"https:\/\/phillips66.widen.net\/content\/q8049sfwwr\/jpeg\/mountains.jpeg?keep=c&#038;crop=yes&#038;color=ffffffff&#038;quality=100&#038;u=keuiiu\" alt=\"\">\n\t\t\t<\/picture><div class=\"banner__content\">\n<figure class=\"wp-block-image aligncenter wp-block-psx-widen-image\">\n\t<img decoding=\"async\" src=\"https:\/\/phillips66.widen.net\/content\/ol2igo46rw\/png\/more-power-lower-emissions_v2_esp?crop=false&#038;position=c&#038;color=ffffff00&#038;u=keuiiu&#038;w=668&#038;h=402&#038;retina=true\" width=\"668\" height=\"402\" alt=\"\" loading=\"lazy\" \/><\/figure>\n\n\n\n<h2 class=\"wp-block-heading\"><\/h2>\n\n\n\n<p class=\"wp-block-paragraph\"><\/p>\n\n\n\n<div class=\"wp-block-buttons is-layout-flex wp-block-buttons-is-layout-flex\"><\/div>\n\n<\/div><\/div>\n\n\n<div class=\"split-card has-media-on-the-right wp-block-psx-split-card\">\n\t<picture class=\"split-card__image-wrapper\">\n\t\t<source srcset=\"https:\/\/phillips66.widen.net\/content\/74pj8aaihm\/jpeg\/renewable-gas-station.jpeg?keep=c&#038;crop=yes&#038;color=ffffffff&#038;quality=100&#038;u=keuiiu 375w\" sizes=\"100vw\" media=\"(max-width: 47.938em)\">\n\t\t\t\t<source srcset=\"https:\/\/phillips66.widen.net\/content\/74pj8aaihm\/jpeg\/renewable-gas-station.jpeg?keep=c&#038;crop=yes&#038;color=ffffffff&#038;quality=100&#038;u=keuiiu 1000w\" sizes=\"100vw\" media=\"(min-width: 48em)\">\n\t\t\t\t<img decoding=\"async\" class=\"split-card__image\" src=\"https:\/\/phillips66.widen.net\/content\/74pj8aaihm\/jpeg\/renewable-gas-station.jpeg?keep=c&#038;crop=yes&#038;color=ffffffff&#038;quality=100&#038;u=keuiiu\" alt=\"\">\n\t\t\n\t<\/picture>\n\t<div class=\"split-card__content\">\n\t\t<div class=\"split-card__content-inner\">\n\t\t\t\n\n<h2 class=\"wp-block-heading has-76-blue-color has-text-color is-style-overline-alt\">Llena tu tanque con el <mark class=\"has-inline-color has-76-rd-green-color\">di\u00e9sel renovable 76\u00ae<\/mark> en estas gasolineras.<\/h2>\n\n\n\n<div class=\"wp-block-buttons is-layout-flex wp-block-buttons-is-layout-flex\">\n<div class=\"wp-block-button is-style-fill\"><a class=\"wp-block-button__link wp-element-button\" href=\"https:\/\/staging.phillips66.com\/76com\/\/station-finder\/\">Ve Las Gasolineras<\/a><\/div>\n<\/div>\n\n\t\t<\/div>\n\t<\/div>\n<\/div>\n\n\n\n<div class=\"wp-block-group alignfull has-web-gray-background-color has-background is-layout-constrained wp-block-group-is-layout-constrained\">\n<h2 class=\"wp-block-heading has-text-align-left has-76-blue-color has-text-color has-link-color wp-elements-4729743ea24c829932fc2dfbc4adf578\">\u00bfQu\u00e9 es <mark style=\"background-color:rgba(0, 0, 0, 0)\" class=\"has-inline-color has-76-rd-green-color\">di\u00e9sel renovable 76?<\/mark><\/h2>\n\n\n\n<p class=\"has-76-blue-color has-text-color wp-block-paragraph\">El di\u00e9sel renovable 76\u00ae es un combustible di\u00e9sel hecho con recursos 100% renovables (grasas y aceites vegetales) que pasan por un proceso qu\u00edmico para producir combustible di\u00e9sel renovable. Debido a que es completamente compatible con todos los motores a di\u00e9sel, los usuarios pueden pasar sin problema del di\u00e9sel convencional al di\u00e9sel renovable, sin tener que modificar el motor.<\/p>\n<\/div>\n\n\n\n<div class=\"wp-block-group alignfull is-layout-constrained wp-block-group-is-layout-constrained\">\n<h2 class=\"wp-block-heading has-76-rd-green-color has-text-color has-link-color wp-elements-facfd5449db6ebb986fdb06f181ce408\">Oferta de di\u00e9sel renovable 76\u00ae<\/h2>\n\n\n\n<div class=\"wp-block-columns mt-zero is-layout-flex wp-container-core-columns-is-layout-9d6595d7 wp-block-columns-is-layout-flex\">\n<div class=\"wp-block-column is-layout-flow wp-block-column-is-layout-flow\" style=\"flex-basis:66.66%\">\n<p class=\"wp-block-paragraph\">Usa la app Fuel Forward\u2122 para llenar el tanque con di\u00e9sel renovable 76\u00ae y ahorra 30\u00a2* por gal\u00f3n con cada compra. La oferta termina el 31\/12\/2024.<\/p>\n\n\n\n<div class=\"wp-block-buttons is-layout-flex wp-block-buttons-is-layout-flex\">\n<div class=\"wp-block-button is-style-fill\"><a class=\"wp-block-button__link wp-element-button\" href=\"https:\/\/apps.apple.com\/us\/app\/my-phillips-66\/id922282104?ign-mpt=uo%3D4\" target=\"_blank\" rel=\"noreferrer noopener\">Descargar Ahora<\/a><\/div>\n<\/div>\n\n\n\n<p class=\"wp-block-paragraph\"><small>*30\u00a2 es una combinaci\u00f3n de ahorros de 5\u00a2 de descuento por gal\u00f3n diarios m\u00e1s 25\u00a2 de descuento por gal\u00f3n adicionales al comprar di\u00e9sel renovable con la app Fuel Forward\u2122 (l\u00edmite de 30 galones). Oferta v\u00e1lida hasta 31\/12\/2024. Solo en gasolineras participantes en California y Oreg\u00f3n. Puede combinarse con otras ofertas. La oferta de 5\u00a2 de ahorro diario solo puede aplicarse una vez por transacci\u00f3n.<\/small><\/p>\n<\/div>\n\n\n\n<div class=\"wp-block-column is-layout-flow wp-block-column-is-layout-flow\" style=\"flex-basis:33.33%\"><figure class=\"wp-block-image align wp-block-psx-widen-image\">\n\t<img decoding=\"async\" src=\"https:\/\/phillips66.widen.net\/content\/y9dwlxg9sz\/jpeg\/76-renewable-diesel-webart.jpeg?keep=c&#038;crop=yes&#038;color=ffffffff&#038;quality=100&#038;u=keuiiu&#038;retina=true\" width=\"228\" height=\"228\" alt=\"\" loading=\"lazy\" \/><\/figure>\n<\/div>\n<\/div>\n<\/div>\n\n\n\n<div class=\"wp-block-group alignfull is-layout-constrained wp-block-group-is-layout-constrained\">\n<h2 class=\"wp-block-heading has-76-blue-color has-text-color has-link-color wp-elements-6d1984181cad8a9efae90bd5892abf6f\">\u00bfQu\u00e9 <mark style=\"background-color:rgba(0, 0, 0, 0)\" class=\"has-inline-color has-76-rd-green-color\">es di\u00e9sel renovable 76\u00ae<\/mark><\/h2>\n\n\n\n<p class=\"has-76-blue-color has-text-color has-link-color wp-elements-0c27a2f024eba819df86f1e722aa75eb wp-block-paragraph\">El di\u00e9sel renovable 76\u00ae no solo es combustible renovable, es un mejor combustible. Ofrece resultados \u00f3ptimos en comparaci\u00f3n con el di\u00e9sel convencional y el biodi\u00e9sel.<\/p>\n\n\n\n<div class=\"wp-block-columns is-layout-flex wp-container-core-columns-is-layout-9d6595d7 wp-block-columns-is-layout-flex\">\n<div class=\"wp-block-column is-layout-flow wp-block-column-is-layout-flow\" style=\"flex-basis:33.33%\"><figure class=\"wp-block-image align wp-block-psx-widen-image\">\n\t<img decoding=\"async\" src=\"https:\/\/phillips66.widen.net\/content\/kbuw3kz0si\/jpeg\/76-renewable-diesel-lady-a-pump.jpeg?keep=c&#038;crop=yes&#038;color=ffffffff&#038;quality=100&#038;u=keuiiu&#038;retina=true\" width=\"272\" height=\"453\" alt=\"\" loading=\"lazy\" \/><\/figure>\n<\/div>\n\n\n\n<div class=\"wp-block-column is-layout-flow wp-block-column-is-layout-flow\" style=\"flex-basis:66.66%\">\n<p class=\"has-76-blue-color has-text-color has-link-color wp-elements-4238fc8ee592d80e6d8e7d1eaa9a1447 wp-block-paragraph\"><mark><mark><mark style=\"background-color:rgba(0, 0, 0, 0)\" class=\"has-inline-color has-76-rd-green-color\">Huella de carbono m\u00e1s baja.<\/mark><\/mark><\/mark>&nbsp;Al estar hecho de una variedad de materias primas renovables de carbono de baja intensidad, el di\u00e9sel renovable tiene una huella de carbono m\u00e1s baja que los combustibles di\u00e9sel convencionales, y cumple con el Est\u00e1ndar de Combustibles Bajos en Carbono del Consejo Para Recursos del Aire de California (CARB).<\/p>\n\n\n\n<p class=\"has-76-blue-color has-text-color has-link-color wp-elements-6b115fbcd5da944fc0bda0d14b9a6ab6 wp-block-paragraph\"><mark><mark><mark style=\"background-color:rgba(0, 0, 0, 0)\" class=\"has-inline-color has-76-rd-green-color\">Motor m\u00e1s eficiente.<\/mark><\/mark><\/mark>&nbsp;Con una proporci\u00f3n de cetano m\u00e1s alta que el di\u00e9sel CARB o biodi\u00e9sel, el di\u00e9sel renovable 76\u00ae es un di\u00e9sel premium que hace que el motor queme mejor el combustible que el di\u00e9sel regular, mejorando su desempe\u00f1o.<\/p>\n\n\n\n<p class=\"has-76-blue-color has-text-color has-link-color wp-elements-347e2adf3f6c2ae195cc5e17fcba59c9 wp-block-paragraph\"><mark><mark style=\"background-color:rgba(0, 0, 0, 0)\" class=\"has-inline-color has-76-rd-green-color\">Arranque m\u00e1s r\u00e1pido y marcha menos ruidosa.<\/mark><\/mark>&nbsp;La proporci\u00f3n de cetano m\u00e1s alta tambi\u00e9n permite una mejor combusti\u00f3n en el motor para quemar mejor el combustible. Esto da como resultado una marcha m\u00e1s suave, un motor m\u00e1s silencioso y un arranque en fr\u00edo m\u00e1s r\u00e1pido para un mejor desempe\u00f1o.<\/p>\n\n\n\n<p class=\"has-76-blue-color has-text-color has-link-color wp-elements-28ce4b95ee1f7845008702fb48e00117 wp-block-paragraph\"><mark><mark style=\"background-color:rgba(0, 0, 0, 0)\" class=\"has-inline-color has-76-rd-green-color\">Alto desempe\u00f1o.<\/mark><\/mark>&nbsp;El di\u00e9sel renovable se crea con mol\u00e9culas de tama\u00f1o y propiedades controlados, lo que significa que el motor recibe un combustible que puede quemar por completo, generando m\u00e1s poder por ciclo.<\/p>\n<\/div>\n<\/div>\n<\/div>\n\n\n\n<figure class=\"wp-block-embed is-type-video is-provider-youtube wp-block-embed-youtube wp-embed-aspect-16-9 wp-has-aspect-ratio\"><div class=\"wp-block-embed__wrapper\">\n<iframe loading=\"lazy\" title=\"76\u00ae Renewable Diesel\" width=\"500\" height=\"281\" src=\"https:\/\/www.youtube.com\/embed\/R5LN8b9Nlx8?feature=oembed\" frameborder=\"0\" allow=\"accelerometer; autoplay; clipboard-write; encrypted-media; gyroscope; picture-in-picture; web-share\" referrerpolicy=\"strict-origin-when-cross-origin\" allowfullscreen><\/iframe>\n<\/div><\/figure>\n\n\n\n<div class=\"wp-block-group alignfull is-layout-constrained wp-block-group-is-layout-constrained\">\n<h2 class=\"wp-block-heading has-76-blue-color has-text-color\">Preguntas frecuentes<\/h2>\n\n\n<section class=\"wp-block-psx-accordion\">\n\t\n<div class=\"wp-block-psx-accordion-item\">\n\t<button class=\"accordion-header js-accordion-header wp-block-psx-accordion__title components-button\" type=\"button\">\n\t\t\u00bfQu\u00e9 son los productos renovables\t<\/button>\n\t<div class=\"wp-block-psx-accordion__content accordion-content\">\n\t\t\n\n<p class=\"wp-block-paragraph\">Los productos renovables est\u00e1n hechos de recursos renovables, como aceites para cocinar, grasas y aceites vegetales usados, as\u00ed como granos y az\u00facares, que se pueden reponer en un periodo de tiempo corto. Algunos ejemplos son el etanol, biodi\u00e9sel y di\u00e9sel renovable. La energ\u00eda e\u00f3lica y solar tambi\u00e9n son ejemplos de energ\u00eda renovable.<\/p>\n\n\t<\/div>\n<\/div>\n\n\n<div class=\"wp-block-psx-accordion-item\">\n\t<button class=\"accordion-header js-accordion-header wp-block-psx-accordion__title components-button\" type=\"button\">\n\t\t\u00bfEs el di\u00e9sel renovable 76 seguro para mi motor\t<\/button>\n\t<div class=\"wp-block-psx-accordion__content accordion-content\">\n\t\t\n\n<p class=\"wp-block-paragraph\">S\u00ed. Cumple con los requisitos de funcionamiento para los motores a di\u00e9sel actuales. Al ser un combustible 100% hidrocarburo, es muy parecido qu\u00edmicamente al di\u00e9sel derivado del petr\u00f3leo y puede usarse en veh\u00edculos sin tener que modificar el motor o su sistema de combustible. Puedes usar el di\u00e9sel 100% renovable o una mezcla de di\u00e9sel renovable con el di\u00e9sel derivado del petr\u00f3leo.<\/p>\n\n\t<\/div>\n<\/div>\n\n<\/section>\n<\/div>\n","protected":false},"excerpt":{"rendered":"<p>\u00bfQu\u00e9 es di\u00e9sel renovable 76? El di\u00e9sel renovable 76\u00ae es un combustible di\u00e9sel hecho con recursos 100% renovables (grasas y aceites vegetales) que pasan por un proceso qu\u00edmico para producir combustible di\u00e9sel renovable. Debido a que es completamente compatible con todos los motores a di\u00e9sel, los usuarios pueden pasar sin problema del di\u00e9sel convencional al [&hellip;]<\/p>\n","protected":false},"author":95,"featured_media":0,"parent":0,"menu_order":0,"comment_status":"closed","ping_status":"closed","template":"","meta":{"psx_page_submenu_id":0,"footnotes":"","widen_thumbnail_url":"","widen_thumbnail_width":"","widen_thumbnail_height":"","widen_thumbnail_focal_point_x":"","widen_thumbnail_focal_point_y":"","psx_hide_title":false},"psx_promotion":[],"class_list":["post-71458","page","type-page","status-publish","hentry"],"yoast_head":"<!-- This site is optimized with the Yoast SEO plugin v23.9 - https:\/\/yoast.com\/wordpress\/plugins\/seo\/ -->\n<title>Obt\u00e9n Di\u00e9sel Renovable Nuestras Estaciones | 76\u00ae<\/title>\n<meta name=\"description\" content=\"El di\u00e9sel renovable 76\u00ae es un combustible di\u00e9sel hecho con recursos 100% renovables. \u00a1Llena tu tanque con el di\u00e9sel renovable 76\u00ae en California hoy!\" \/>\n<meta name=\"robots\" content=\"noindex, follow, max-snippet:-1, max-image-preview:large, max-video-preview:-1\" \/>\n<meta property=\"og:locale\" content=\"en_US\" \/>\n<meta property=\"og:type\" content=\"article\" \/>\n<meta property=\"og:title\" content=\"Obt\u00e9n Di\u00e9sel Renovable Nuestras Estaciones | 76\u00ae\" \/>\n<meta property=\"og:description\" content=\"El di\u00e9sel renovable 76\u00ae es un combustible di\u00e9sel hecho con recursos 100% renovables. \u00a1Llena tu tanque con el di\u00e9sel renovable 76\u00ae en California hoy!\" \/>\n<meta property=\"og:url\" content=\"https:\/\/staging.phillips66.com\/76com\/es\/diesel-renovable\/\" \/>\n<meta property=\"og:site_name\" content=\"76 Gas Stations\" \/>\n<meta property=\"article:publisher\" content=\"https:\/\/www.facebook.com\/76gas\" \/>\n<meta property=\"article:modified_time\" content=\"2024-09-25T15:27:02+00:00\" \/>\n<meta name=\"twitter:card\" content=\"summary_large_image\" \/>\n<meta name=\"twitter:site\" content=\"@76\" \/>\n<meta name=\"twitter:label1\" content=\"Est. reading time\" \/>\n\t<meta name=\"twitter:data1\" content=\"3 minutes\" \/>\n<script type=\"application\/ld+json\" class=\"yoast-schema-graph\">{\n\t    \"@context\": \"https:\/\/schema.org\",\n\t    \"@graph\": [\n\t        {\n\t            \"@type\": \"WebPage\",\n\t            \"@id\": \"https:\/\/staging.phillips66.com\/76com\/es\/diesel-renovable\/\",\n\t            \"url\": \"https:\/\/staging.phillips66.com\/76com\/es\/diesel-renovable\/\",\n\t            \"name\": \"Obt\u00e9n Di\u00e9sel Renovable Nuestras Estaciones | 76\u00ae\",\n\t            \"isPartOf\": {\n\t                \"@id\": \"https:\/\/staging.phillips66.com\/76com\/#website\"\n\t            },\n\t            \"datePublished\": \"2024-02-06T16:14:03+00:00\",\n\t            \"dateModified\": \"2024-09-25T15:27:02+00:00\",\n\t            \"description\": \"El di\u00e9sel renovable 76\u00ae es un combustible di\u00e9sel hecho con recursos 100% renovables. \u00a1Llena tu tanque con el di\u00e9sel renovable 76\u00ae en California hoy!\",\n\t            \"breadcrumb\": {\n\t                \"@id\": \"https:\/\/staging.phillips66.com\/76com\/es\/diesel-renovable\/#breadcrumb\"\n\t            },\n\t            \"inLanguage\": \"en-US\",\n\t            \"potentialAction\": [\n\t                {\n\t                    \"@type\": \"ReadAction\",\n\t                    \"target\": [\n\t                        \"https:\/\/staging.phillips66.com\/76com\/es\/diesel-renovable\/\"\n\t                    ]\n\t                }\n\t            ]\n\t        },\n\t        {\n\t            \"@type\": \"BreadcrumbList\",\n\t            \"@id\": \"https:\/\/staging.phillips66.com\/76com\/es\/diesel-renovable\/#breadcrumb\",\n\t            \"itemListElement\": [\n\t                {\n\t                    \"@type\": \"ListItem\",\n\t                    \"position\": 1,\n\t                    \"name\": \"Home\",\n\t                    \"item\": \"https:\/\/staging.phillips66.com\/76com\/\"\n\t                },\n\t                {\n\t                    \"@type\": \"ListItem\",\n\t                    \"position\": 2,\n\t                    \"name\": \"Di\u00e9sel Renovable\"\n\t                }\n\t            ]\n\t        },\n\t        {\n\t            \"@type\": \"WebSite\",\n\t            \"@id\": \"https:\/\/staging.phillips66.com\/76com\/#website\",\n\t            \"url\": \"https:\/\/staging.phillips66.com\/76com\/\",\n\t            \"name\": \"76 Gas Stations\",\n\t            \"description\": \"\",\n\t            \"potentialAction\": [\n\t                {\n\t                    \"@type\": \"SearchAction\",\n\t                    \"target\": {\n\t                        \"@type\": \"EntryPoint\",\n\t                        \"urlTemplate\": \"https:\/\/staging.phillips66.com\/76com\/?s={search_term_string}\"\n\t                    },\n\t                    \"query-input\": {\n\t                        \"@type\": \"PropertyValueSpecification\",\n\t                        \"valueRequired\": true,\n\t                        \"valueName\": \"search_term_string\"\n\t                    }\n\t                }\n\t            ],\n\t            \"inLanguage\": \"en-US\",\n\t            \"publisher\": {\n\t                \"@id\": \"https:\/\/staging.phillips66.com\/76com\/#\/schema\/Organization\/1\"\n\t            }\n\t        },\n\t        {\n\t            \"@type\": \"Organization\",\n\t            \"@id\": \"https:\/\/staging.phillips66.com\/76com\/#\/schema\/Organization\/1\",\n\t            \"name\": \"76 Gas Stations\",\n\t            \"url\": \"https:\/\/staging.phillips66.com\/76com\/\",\n\t            \"logo\": {\n\t                \"@type\": \"ImageObject\",\n\t                \"inLanguage\": \"en-US\",\n\t                \"@id\": \"https:\/\/staging.phillips66.com\/76com\/#\/schema\/logo\/image\/\",\n\t                \"url\": \"https:\/\/staging.phillips66.com\/76com\/wp-content\/client-mu-plugins\/psx-yoast\/images\/p76-android-chrome-192.png\",\n\t                \"contentUrl\": \"https:\/\/staging.phillips66.com\/76com\/wp-content\/client-mu-plugins\/psx-yoast\/images\/p76-android-chrome-192.png\",\n\t                \"caption\": \"76 Gas\",\n\t                \"width\": 192,\n\t                \"height\": 192\n\t            },\n\t            \"image\": {\n\t                \"@id\": \"https:\/\/staging.phillips66.com\/76com\/#\/schema\/logo\/image\/\"\n\t            },\n\t            \"sameAs\": [\n\t                \"https:\/\/www.instagram.com\/76\",\n\t                \"https:\/\/www.facebook.com\/76gas\",\n\t                \"https:\/\/www.youtube.com\/user\/76Gasoline\"\n\t            ]\n\t        }\n\t    ]\n\t}<\/script>\n<!-- \/ Yoast SEO plugin. -->","yoast_head_json":{"title":"Obt\u00e9n Di\u00e9sel Renovable Nuestras Estaciones | 76\u00ae","description":"El di\u00e9sel renovable 76\u00ae es un combustible di\u00e9sel hecho con recursos 100% renovables. \u00a1Llena tu tanque con el di\u00e9sel renovable 76\u00ae en California hoy!","robots":{"index":"noindex","follow":"follow","max-snippet":"max-snippet:-1","max-image-preview":"max-image-preview:large","max-video-preview":"max-video-preview:-1"},"og_locale":"en_US","og_type":"article","og_title":"Obt\u00e9n Di\u00e9sel Renovable Nuestras Estaciones | 76\u00ae","og_description":"El di\u00e9sel renovable 76\u00ae es un combustible di\u00e9sel hecho con recursos 100% renovables. \u00a1Llena tu tanque con el di\u00e9sel renovable 76\u00ae en California hoy!","og_url":"https:\/\/staging.phillips66.com\/76com\/es\/diesel-renovable\/","og_site_name":"76 Gas Stations","article_publisher":"https:\/\/www.facebook.com\/76gas","article_modified_time":"2024-09-25T15:27:02+00:00","twitter_card":"summary_large_image","twitter_site":"@76","twitter_misc":{"Est. reading time":"3 minutes"},"schema":{"@context":"https:\/\/schema.org","@graph":[{"@type":"WebPage","@id":"https:\/\/staging.phillips66.com\/76com\/es\/diesel-renovable\/","url":"https:\/\/staging.phillips66.com\/76com\/es\/diesel-renovable\/","name":"Obt\u00e9n Di\u00e9sel Renovable Nuestras Estaciones | 76\u00ae","isPartOf":{"@id":"https:\/\/staging.phillips66.com\/76com\/#website"},"datePublished":"2024-02-06T16:14:03+00:00","dateModified":"2024-09-25T15:27:02+00:00","description":"El di\u00e9sel renovable 76\u00ae es un combustible di\u00e9sel hecho con recursos 100% renovables. \u00a1Llena tu tanque con el di\u00e9sel renovable 76\u00ae en California hoy!","breadcrumb":{"@id":"https:\/\/staging.phillips66.com\/76com\/es\/diesel-renovable\/#breadcrumb"},"inLanguage":"en-US","potentialAction":[{"@type":"ReadAction","target":["https:\/\/staging.phillips66.com\/76com\/es\/diesel-renovable\/"]}]},{"@type":"BreadcrumbList","@id":"https:\/\/staging.phillips66.com\/76com\/es\/diesel-renovable\/#breadcrumb","itemListElement":[{"@type":"ListItem","position":1,"name":"Home","item":"https:\/\/staging.phillips66.com\/76com\/"},{"@type":"ListItem","position":2,"name":"Di\u00e9sel Renovable"}]},{"@type":"WebSite","@id":"https:\/\/staging.phillips66.com\/76com\/#website","url":"https:\/\/staging.phillips66.com\/76com\/","name":"76 Gas Stations","description":"","potentialAction":[{"@type":"SearchAction","target":{"@type":"EntryPoint","urlTemplate":"https:\/\/staging.phillips66.com\/76com\/?s={search_term_string}"},"query-input":{"@type":"PropertyValueSpecification","valueRequired":true,"valueName":"search_term_string"}}],"inLanguage":"en-US","publisher":{"@id":"https:\/\/staging.phillips66.com\/76com\/#\/schema\/Organization\/1"}},{"@type":"Organization","@id":"https:\/\/staging.phillips66.com\/76com\/#\/schema\/Organization\/1","name":"76 Gas Stations","url":"https:\/\/staging.phillips66.com\/76com\/","logo":{"@type":"ImageObject","inLanguage":"en-US","@id":"https:\/\/staging.phillips66.com\/76com\/#\/schema\/logo\/image\/","url":"https:\/\/staging.phillips66.com\/76com\/wp-content\/client-mu-plugins\/psx-yoast\/images\/p76-android-chrome-192.png","contentUrl":"https:\/\/staging.phillips66.com\/76com\/wp-content\/client-mu-plugins\/psx-yoast\/images\/p76-android-chrome-192.png","caption":"76 Gas","width":192,"height":192},"image":{"@id":"https:\/\/staging.phillips66.com\/76com\/#\/schema\/logo\/image\/"},"sameAs":["https:\/\/www.instagram.com\/76","https:\/\/www.facebook.com\/76gas","https:\/\/www.youtube.com\/user\/76Gasoline"]}]}},"lang":"es","translations":{"es":71458},"jetpack_sharing_enabled":true,"pll_sync_post":[],"_links":{"self":[{"href":"https:\/\/staging.phillips66.com\/76com\/wp-json\/wp\/v2\/pages\/71458","targetHints":{"allow":["GET"]}}],"collection":[{"href":"https:\/\/staging.phillips66.com\/76com\/wp-json\/wp\/v2\/pages"}],"about":[{"href":"https:\/\/staging.phillips66.com\/76com\/wp-json\/wp\/v2\/types\/page"}],"author":[{"embeddable":true,"href":"https:\/\/staging.phillips66.com\/76com\/wp-json\/wp\/v2\/users\/95"}],"replies":[{"embeddable":true,"href":"https:\/\/staging.phillips66.com\/76com\/wp-json\/wp\/v2\/comments?post=71458"}],"version-history":[{"count":14,"href":"https:\/\/staging.phillips66.com\/76com\/wp-json\/wp\/v2\/pages\/71458\/revisions"}],"predecessor-version":[{"id":72143,"href":"https:\/\/staging.phillips66.com\/76com\/wp-json\/wp\/v2\/pages\/71458\/revisions\/72143"}],"wp:attachment":[{"href":"https:\/\/staging.phillips66.com\/76com\/wp-json\/wp\/v2\/media?parent=71458"}],"wp:term":[{"taxonomy":"psx_promotion","embeddable":true,"href":"https:\/\/staging.phillips66.com\/76com\/wp-json\/wp\/v2\/psx_promotion?post=71458"}],"curies":[{"name":"wp","href":"https:\/\/api.w.org\/{rel}","templated":true}]}}